{"id":403606,"date":"2025-05-15T16:21:29","date_gmt":"2025-05-15T16:21:29","guid":{"rendered":"https:\/\/irankiuzona.lt\/product\/smuginiu-ilgu-trumpu-galvuciu-komplektas-1-2-6k-10-19-mm-2\/"},"modified":"2026-04-12T23:06:32","modified_gmt":"2026-04-12T23:06:32","slug":"smuginiu-ilgu-trumpu-galvuciu-komplektas-1-2-6k-10-19-mm-2","status":"publish","type":"product","link":"https:\/\/irankiuzona.lt\/ru\/product\/smuginiu-ilgu-trumpu-galvuciu-komplektas-1-2-6k-10-19-mm-2\/","title":{"rendered":"Sm\u016bgini\u0173 ilg\u0173\/trump\u0173 galvu\u010di\u0173 komplektas 1\/2&quot; 6k. (10-19 mm)"},"content":{"rendered":"<p>1\/2Komplekte- 10, 11, 12, 13, 14, 15, 16, 17, 18, 19 mm<\/p>","protected":false},"excerpt":{"rendered":"<p>Sm\u016bgini\u0173 ilg\u0173\/trump\u0173 galvu\u010di\u0173 komplektas 1\/2&quot; 6k. (10-19 mm)<\/p>","protected":false},"featured_media":256541,"comment_status":"open","ping_status":"open","template":"","meta":[],"product_cat":[9988],"product_tag":[9810],"class_list":{"0":"post-403606","1":"product","2":"type-product","3":"status-publish","4":"has-post-thumbnail","6":"product_brand-geko-lenkija","7":"product_cat-smuginiu-sesiakampiu-galvuciu-komplektai","8":"product_tag-geko-lenkija","10":"first","11":"outofstock","12":"purchasable","13":"product-type-simple"},"jetpack_sharing_enabled":true,"_links":{"self":[{"href":"https:\/\/irankiuzona.lt\/ru\/wp-json\/wp\/v2\/product\/403606","targetHints":{"allow":["GET"]}}],"collection":[{"href":"https:\/\/irankiuzona.lt\/ru\/wp-json\/wp\/v2\/product"}],"about":[{"href":"https:\/\/irankiuzona.lt\/ru\/wp-json\/wp\/v2\/types\/product"}],"replies":[{"embeddable":true,"href":"https:\/\/irankiuzona.lt\/ru\/wp-json\/wp\/v2\/comments?post=403606"}],"version-history":[{"count":1,"href":"https:\/\/irankiuzona.lt\/ru\/wp-json\/wp\/v2\/product\/403606\/revisions"}],"predecessor-version":[{"id":420699,"href":"https:\/\/irankiuzona.lt\/ru\/wp-json\/wp\/v2\/product\/403606\/revisions\/420699"}],"wp:featuredmedia":[{"embeddable":true,"href":"https:\/\/irankiuzona.lt\/ru\/wp-json\/wp\/v2\/media\/256541"}],"wp:attachment":[{"href":"https:\/\/irankiuzona.lt\/ru\/wp-json\/wp\/v2\/media?parent=403606"}],"wp:term":[{"taxonomy":"product_cat","embeddable":true,"href":"https:\/\/irankiuzona.lt\/ru\/wp-json\/wp\/v2\/product_cat?post=403606"},{"taxonomy":"product_tag","embeddable":true,"href":"https:\/\/irankiuzona.lt\/ru\/wp-json\/wp\/v2\/product_tag?post=403606"}],"curies":[{"name":"wp","href":"https:\/\/api.w.org\/{rel}","templated":true}]}}