{"id":403620,"date":"2025-05-15T16:21:45","date_gmt":"2025-05-15T16:21:45","guid":{"rendered":"https:\/\/irankiuzona.lt\/product\/volelis-padangu-lopams-2\/"},"modified":"2026-04-19T11:20:22","modified_gmt":"2026-04-19T11:20:22","slug":"volelis-padangu-lopams-2","status":"publish","type":"product","link":"https:\/\/irankiuzona.lt\/ru\/product\/volelis-padangu-lopams-2\/","title":{"rendered":"Volelis padang\u0173 lopams"},"content":{"rendered":"<p>Bendras ilgis 180mmRitin\u0117lio diametras 40mmLop\u0173 prispaudimo volelis leid\u017eia efektyvai prispausti padang\u0173 lop\u0105. Ratukas su integruotu guoliu sklandesniam prispaudimui<\/p>","protected":false},"excerpt":{"rendered":"<p>Volelis padang\u0173 lopams\u00a0<\/p>","protected":false},"featured_media":256581,"comment_status":"open","ping_status":"open","template":"","meta":[],"product_cat":[9820],"product_tag":[9810],"class_list":{"0":"post-403620","1":"product","2":"type-product","3":"status-publish","4":"has-post-thumbnail","6":"product_brand-geko-lenkija","7":"product_cat-irankiai-padangu-remontui","8":"product_tag-geko-lenkija","10":"first","11":"instock","12":"purchasable","13":"product-type-simple"},"jetpack_sharing_enabled":true,"_links":{"self":[{"href":"https:\/\/irankiuzona.lt\/ru\/wp-json\/wp\/v2\/product\/403620","targetHints":{"allow":["GET"]}}],"collection":[{"href":"https:\/\/irankiuzona.lt\/ru\/wp-json\/wp\/v2\/product"}],"about":[{"href":"https:\/\/irankiuzona.lt\/ru\/wp-json\/wp\/v2\/types\/product"}],"replies":[{"embeddable":true,"href":"https:\/\/irankiuzona.lt\/ru\/wp-json\/wp\/v2\/comments?post=403620"}],"version-history":[{"count":1,"href":"https:\/\/irankiuzona.lt\/ru\/wp-json\/wp\/v2\/product\/403620\/revisions"}],"predecessor-version":[{"id":420709,"href":"https:\/\/irankiuzona.lt\/ru\/wp-json\/wp\/v2\/product\/403620\/revisions\/420709"}],"wp:featuredmedia":[{"embeddable":true,"href":"https:\/\/irankiuzona.lt\/ru\/wp-json\/wp\/v2\/media\/256581"}],"wp:attachment":[{"href":"https:\/\/irankiuzona.lt\/ru\/wp-json\/wp\/v2\/media?parent=403620"}],"wp:term":[{"taxonomy":"product_cat","embeddable":true,"href":"https:\/\/irankiuzona.lt\/ru\/wp-json\/wp\/v2\/product_cat?post=403620"},{"taxonomy":"product_tag","embeddable":true,"href":"https:\/\/irankiuzona.lt\/ru\/wp-json\/wp\/v2\/product_tag?post=403620"}],"curies":[{"name":"wp","href":"https:\/\/api.w.org\/{rel}","templated":true}]}}