{"id":403646,"date":"2025-05-15T16:22:18","date_gmt":"2025-05-15T16:22:18","guid":{"rendered":"https:\/\/irankiuzona.lt\/product\/pirstines-su-nitriliniu-delnu-raudonos-9dydis-2\/"},"modified":"2026-03-19T08:25:57","modified_gmt":"2026-03-19T08:25:57","slug":"pirstines-su-nitriliniu-delnu-raudonos-9dydis-2","status":"publish","type":"product","link":"https:\/\/irankiuzona.lt\/ru\/product\/pirstines-su-nitriliniu-delnu-raudonos-9dydis-2\/","title":{"rendered":"Pir\u0161tin\u0117s su nitriliniu delnu raudonos 9dydis"},"content":{"rendered":"<p>Apsaugin\u0117s pir\u0161tin\u0117s i\u0161 medvilninio audinio. Elastin\u0117 megzta rie\u0161o rankogal\u0117 padeda palaikyti pir\u0161tin\u0119 ant rankos.dydis: 9spalva: raudonaatsparus dilimuikv\u0117puojantis pamu\u0161alasmed\u017eiaga: medvilninis audinys, nitrilas<\/p>","protected":false},"excerpt":{"rendered":"<p>Apsaugin\u0117s pir\u0161tin\u0117s i\u0161 medvilninio audinio. Elastin\u0117 megzta rie\u0161o rankogal\u0117 padeda palaikyti pir\u0161tin\u0119 ant rankos.dydis: 9spalva: raudonaatsparus dilimuikv\u0117puojantis pamu\u0161alasmed\u017eiaga: medvilninis audinys, nitrilas<\/p>","protected":false},"featured_media":256643,"comment_status":"open","ping_status":"open","template":"","meta":[],"product_cat":[9990],"product_tag":[9810],"class_list":{"0":"post-403646","1":"product","2":"type-product","3":"status-publish","4":"has-post-thumbnail","6":"product_brand-geko-lenkija","7":"product_cat-aplietos-darbo-pirstines","8":"product_tag-geko-lenkija","10":"first","11":"outofstock","12":"purchasable","13":"product-type-simple"},"jetpack_sharing_enabled":true,"_links":{"self":[{"href":"https:\/\/irankiuzona.lt\/ru\/wp-json\/wp\/v2\/product\/403646","targetHints":{"allow":["GET"]}}],"collection":[{"href":"https:\/\/irankiuzona.lt\/ru\/wp-json\/wp\/v2\/product"}],"about":[{"href":"https:\/\/irankiuzona.lt\/ru\/wp-json\/wp\/v2\/types\/product"}],"replies":[{"embeddable":true,"href":"https:\/\/irankiuzona.lt\/ru\/wp-json\/wp\/v2\/comments?post=403646"}],"version-history":[{"count":1,"href":"https:\/\/irankiuzona.lt\/ru\/wp-json\/wp\/v2\/product\/403646\/revisions"}],"predecessor-version":[{"id":420730,"href":"https:\/\/irankiuzona.lt\/ru\/wp-json\/wp\/v2\/product\/403646\/revisions\/420730"}],"wp:featuredmedia":[{"embeddable":true,"href":"https:\/\/irankiuzona.lt\/ru\/wp-json\/wp\/v2\/media\/256643"}],"wp:attachment":[{"href":"https:\/\/irankiuzona.lt\/ru\/wp-json\/wp\/v2\/media?parent=403646"}],"wp:term":[{"taxonomy":"product_cat","embeddable":true,"href":"https:\/\/irankiuzona.lt\/ru\/wp-json\/wp\/v2\/product_cat?post=403646"},{"taxonomy":"product_tag","embeddable":true,"href":"https:\/\/irankiuzona.lt\/ru\/wp-json\/wp\/v2\/product_tag?post=403646"}],"curies":[{"name":"wp","href":"https:\/\/api.w.org\/{rel}","templated":true}]}}