{"id":403662,"date":"2025-05-15T16:26:34","date_gmt":"2025-05-15T16:26:34","guid":{"rendered":"https:\/\/irankiuzona.lt\/product\/virve-murininko-17mm-100m-melyna-2\/"},"modified":"2026-03-18T13:40:30","modified_gmt":"2026-03-18T13:40:30","slug":"virve-murininko-17mm-100m-melyna-2","status":"publish","type":"product","link":"https:\/\/irankiuzona.lt\/ru\/product\/virve-murininko-17mm-100m-melyna-2\/","title":{"rendered":"VIRV\u0116 M\u016aRININKO 1,7mm 100m M\u0116LYNA"},"content":{"rendered":"<p>1,7 mm statybinis lynas, 100 m<\/p>","protected":false},"excerpt":{"rendered":"<p>Statybinis lynas<\/p>","protected":false},"featured_media":257373,"comment_status":"open","ping_status":"open","template":"","meta":[],"product_cat":[9447],"product_tag":[9810],"class_list":{"0":"post-403662","1":"product","2":"type-product","3":"status-publish","4":"has-post-thumbnail","6":"product_brand-geko-lenkija","7":"product_cat-virves","8":"product_tag-geko-lenkija","10":"first","11":"outofstock","12":"purchasable","13":"product-type-simple"},"jetpack_sharing_enabled":true,"_links":{"self":[{"href":"https:\/\/irankiuzona.lt\/ru\/wp-json\/wp\/v2\/product\/403662","targetHints":{"allow":["GET"]}}],"collection":[{"href":"https:\/\/irankiuzona.lt\/ru\/wp-json\/wp\/v2\/product"}],"about":[{"href":"https:\/\/irankiuzona.lt\/ru\/wp-json\/wp\/v2\/types\/product"}],"replies":[{"embeddable":true,"href":"https:\/\/irankiuzona.lt\/ru\/wp-json\/wp\/v2\/comments?post=403662"}],"version-history":[{"count":1,"href":"https:\/\/irankiuzona.lt\/ru\/wp-json\/wp\/v2\/product\/403662\/revisions"}],"predecessor-version":[{"id":420949,"href":"https:\/\/irankiuzona.lt\/ru\/wp-json\/wp\/v2\/product\/403662\/revisions\/420949"}],"wp:featuredmedia":[{"embeddable":true,"href":"https:\/\/irankiuzona.lt\/ru\/wp-json\/wp\/v2\/media\/257373"}],"wp:attachment":[{"href":"https:\/\/irankiuzona.lt\/ru\/wp-json\/wp\/v2\/media?parent=403662"}],"wp:term":[{"taxonomy":"product_cat","embeddable":true,"href":"https:\/\/irankiuzona.lt\/ru\/wp-json\/wp\/v2\/product_cat?post=403662"},{"taxonomy":"product_tag","embeddable":true,"href":"https:\/\/irankiuzona.lt\/ru\/wp-json\/wp\/v2\/product_tag?post=403662"}],"curies":[{"name":"wp","href":"https:\/\/api.w.org\/{rel}","templated":true}]}}