{"id":403664,"date":"2025-05-15T16:26:35","date_gmt":"2025-05-15T16:26:35","guid":{"rendered":"https:\/\/irankiuzona.lt\/product\/terksle-3-4-metaline-43d-490mm-ilgio-2\/"},"modified":"2026-04-13T16:50:16","modified_gmt":"2026-04-13T16:50:16","slug":"terksle-3-4-metaline-43d-490mm-ilgio-2","status":"publish","type":"product","link":"https:\/\/irankiuzona.lt\/ru\/product\/terksle-3-4-metaline-43d-490mm-ilgio-2\/","title":{"rendered":"Terk\u0161l\u0117 3\/4&quot; metalin\u0117 43d 490mm ilgio"},"content":{"rendered":"<p>Dydis: 3\/4 colio43 dant\u0173 mechanizmasVisas ilgis: 490 mmAtbulin\u0117s eigos jungiklis, leid\u017eiantis suktis \u012f abi puses<\/p>","protected":false},"excerpt":{"rendered":"<p>Terk\u0161l\u0117 3\/4&quot; metalin\u0117 43d 490mm ilgio<\/p>","protected":false},"featured_media":257376,"comment_status":"open","ping_status":"open","template":"","meta":[],"product_cat":[9507],"product_tag":[9810],"class_list":{"0":"post-403664","1":"product","2":"type-product","3":"status-publish","4":"has-post-thumbnail","6":"product_brand-geko-lenkija","7":"product_cat-terksles-galvutems","8":"product_tag-geko-lenkija","10":"first","11":"instock","12":"purchasable","13":"product-type-simple"},"jetpack_sharing_enabled":true,"_links":{"self":[{"href":"https:\/\/irankiuzona.lt\/ru\/wp-json\/wp\/v2\/product\/403664","targetHints":{"allow":["GET"]}}],"collection":[{"href":"https:\/\/irankiuzona.lt\/ru\/wp-json\/wp\/v2\/product"}],"about":[{"href":"https:\/\/irankiuzona.lt\/ru\/wp-json\/wp\/v2\/types\/product"}],"replies":[{"embeddable":true,"href":"https:\/\/irankiuzona.lt\/ru\/wp-json\/wp\/v2\/comments?post=403664"}],"version-history":[{"count":1,"href":"https:\/\/irankiuzona.lt\/ru\/wp-json\/wp\/v2\/product\/403664\/revisions"}],"predecessor-version":[{"id":430694,"href":"https:\/\/irankiuzona.lt\/ru\/wp-json\/wp\/v2\/product\/403664\/revisions\/430694"}],"wp:featuredmedia":[{"embeddable":true,"href":"https:\/\/irankiuzona.lt\/ru\/wp-json\/wp\/v2\/media\/257376"}],"wp:attachment":[{"href":"https:\/\/irankiuzona.lt\/ru\/wp-json\/wp\/v2\/media?parent=403664"}],"wp:term":[{"taxonomy":"product_cat","embeddable":true,"href":"https:\/\/irankiuzona.lt\/ru\/wp-json\/wp\/v2\/product_cat?post=403664"},{"taxonomy":"product_tag","embeddable":true,"href":"https:\/\/irankiuzona.lt\/ru\/wp-json\/wp\/v2\/product_tag?post=403664"}],"curies":[{"name":"wp","href":"https:\/\/api.w.org\/{rel}","templated":true}]}}