{"id":403666,"date":"2025-05-15T16:26:36","date_gmt":"2025-05-15T16:26:36","guid":{"rendered":"https:\/\/irankiuzona.lt\/product\/varztu-issukejai-ir-graztai-hss-12vnt-2\/"},"modified":"2026-04-13T15:40:28","modified_gmt":"2026-04-13T15:40:28","slug":"varztu-issukejai-ir-graztai-hss-12vnt-2","status":"publish","type":"product","link":"https:\/\/irankiuzona.lt\/ru\/product\/varztu-issukejai-ir-graztai-hss-12vnt-2\/","title":{"rendered":"Var\u017et\u0173 i\u0161suk\u0117jai ir gr\u0105\u017etai HSS 12vnt"},"content":{"rendered":"","protected":false},"excerpt":{"rendered":"<p>Var\u017et\u0173 i\u0161suk\u0117jai ir gr\u0105\u017etai HSS<\/p>","protected":false},"featured_media":257379,"comment_status":"open","ping_status":"open","template":"","meta":[],"product_cat":[9557],"product_tag":[9810],"class_list":{"0":"post-403666","1":"product","2":"type-product","3":"status-publish","4":"has-post-thumbnail","6":"product_brand-geko-lenkija","7":"product_cat-nulauztu-varztu-issukimo-irankiai","8":"product_tag-geko-lenkija","10":"first","11":"instock","12":"purchasable","13":"product-type-simple"},"jetpack_sharing_enabled":true,"_links":{"self":[{"href":"https:\/\/irankiuzona.lt\/ru\/wp-json\/wp\/v2\/product\/403666","targetHints":{"allow":["GET"]}}],"collection":[{"href":"https:\/\/irankiuzona.lt\/ru\/wp-json\/wp\/v2\/product"}],"about":[{"href":"https:\/\/irankiuzona.lt\/ru\/wp-json\/wp\/v2\/types\/product"}],"replies":[{"embeddable":true,"href":"https:\/\/irankiuzona.lt\/ru\/wp-json\/wp\/v2\/comments?post=403666"}],"version-history":[{"count":1,"href":"https:\/\/irankiuzona.lt\/ru\/wp-json\/wp\/v2\/product\/403666\/revisions"}],"predecessor-version":[{"id":420950,"href":"https:\/\/irankiuzona.lt\/ru\/wp-json\/wp\/v2\/product\/403666\/revisions\/420950"}],"wp:featuredmedia":[{"embeddable":true,"href":"https:\/\/irankiuzona.lt\/ru\/wp-json\/wp\/v2\/media\/257379"}],"wp:attachment":[{"href":"https:\/\/irankiuzona.lt\/ru\/wp-json\/wp\/v2\/media?parent=403666"}],"wp:term":[{"taxonomy":"product_cat","embeddable":true,"href":"https:\/\/irankiuzona.lt\/ru\/wp-json\/wp\/v2\/product_cat?post=403666"},{"taxonomy":"product_tag","embeddable":true,"href":"https:\/\/irankiuzona.lt\/ru\/wp-json\/wp\/v2\/product_tag?post=403666"}],"curies":[{"name":"wp","href":"https:\/\/api.w.org\/{rel}","templated":true}]}}