{"id":403672,"date":"2025-05-15T16:26:43","date_gmt":"2025-05-15T16:26:43","guid":{"rendered":"https:\/\/irankiuzona.lt\/product\/brezentinis-deklas-kombi-raktams-12d-6-22mm-2\/"},"modified":"2026-04-12T21:57:55","modified_gmt":"2026-04-12T21:57:55","slug":"brezentinis-deklas-kombi-raktams-12d-6-22mm-2","status":"publish","type":"product","link":"https:\/\/irankiuzona.lt\/ru\/product\/brezentinis-deklas-kombi-raktams-12d-6-22mm-2\/","title":{"rendered":"Brezentinis d\u0117klas kombi raktams 12d. 6-22mm"},"content":{"rendered":"<p>12 ki\u0161eni\u0173integruoti velcro dir\u017eeliaiauk\u0161tos kokyb\u0117s ir patvari nailono drob\u0117<\/p>","protected":false},"excerpt":{"rendered":"<p>Brezentinis d\u0117klas kombi raktams 12d. 6-22mm<\/p>","protected":false},"featured_media":257394,"comment_status":"open","ping_status":"open","template":"","meta":[],"product_cat":[10020],"product_tag":[9810],"class_list":{"0":"post-403672","1":"product","2":"type-product","3":"status-publish","4":"has-post-thumbnail","6":"product_brand-geko-lenkija","7":"product_cat-deklai-raktams","8":"product_tag-geko-lenkija","10":"first","11":"instock","12":"purchasable","13":"product-type-simple"},"jetpack_sharing_enabled":true,"_links":{"self":[{"href":"https:\/\/irankiuzona.lt\/ru\/wp-json\/wp\/v2\/product\/403672","targetHints":{"allow":["GET"]}}],"collection":[{"href":"https:\/\/irankiuzona.lt\/ru\/wp-json\/wp\/v2\/product"}],"about":[{"href":"https:\/\/irankiuzona.lt\/ru\/wp-json\/wp\/v2\/types\/product"}],"replies":[{"embeddable":true,"href":"https:\/\/irankiuzona.lt\/ru\/wp-json\/wp\/v2\/comments?post=403672"}],"version-history":[{"count":1,"href":"https:\/\/irankiuzona.lt\/ru\/wp-json\/wp\/v2\/product\/403672\/revisions"}],"predecessor-version":[{"id":420955,"href":"https:\/\/irankiuzona.lt\/ru\/wp-json\/wp\/v2\/product\/403672\/revisions\/420955"}],"wp:featuredmedia":[{"embeddable":true,"href":"https:\/\/irankiuzona.lt\/ru\/wp-json\/wp\/v2\/media\/257394"}],"wp:attachment":[{"href":"https:\/\/irankiuzona.lt\/ru\/wp-json\/wp\/v2\/media?parent=403672"}],"wp:term":[{"taxonomy":"product_cat","embeddable":true,"href":"https:\/\/irankiuzona.lt\/ru\/wp-json\/wp\/v2\/product_cat?post=403672"},{"taxonomy":"product_tag","embeddable":true,"href":"https:\/\/irankiuzona.lt\/ru\/wp-json\/wp\/v2\/product_tag?post=403672"}],"curies":[{"name":"wp","href":"https:\/\/api.w.org\/{rel}","templated":true}]}}