{"id":403674,"date":"2025-05-15T16:26:45","date_gmt":"2025-05-15T16:26:45","guid":{"rendered":"https:\/\/irankiuzona.lt\/product\/kaisciai-automobilio-apdailai-456vnt-2\/"},"modified":"2026-04-12T21:57:55","modified_gmt":"2026-04-12T21:57:55","slug":"kaisciai-automobilio-apdailai-456vnt-2","status":"publish","type":"product","link":"https:\/\/irankiuzona.lt\/ru\/product\/kaisciai-automobilio-apdailai-456vnt-2\/","title":{"rendered":"Kai\u0161\u010diai automobilio apdailai 456vnt."},"content":{"rendered":"","protected":false},"excerpt":{"rendered":"<p>Kai\u0161\u010diai automobilio apdailai 456vnt.<\/p>","protected":false},"featured_media":257400,"comment_status":"open","ping_status":"open","template":"","meta":[],"product_cat":[9529],"product_tag":[9810],"class_list":{"0":"post-403674","1":"product","2":"type-product","3":"status-publish","4":"has-post-thumbnail","6":"product_brand-geko-lenkija","7":"product_cat-irankiai-apdailos-ardymui","8":"product_tag-geko-lenkija","10":"first","11":"instock","12":"purchasable","13":"product-type-simple"},"jetpack_sharing_enabled":true,"_links":{"self":[{"href":"https:\/\/irankiuzona.lt\/ru\/wp-json\/wp\/v2\/product\/403674","targetHints":{"allow":["GET"]}}],"collection":[{"href":"https:\/\/irankiuzona.lt\/ru\/wp-json\/wp\/v2\/product"}],"about":[{"href":"https:\/\/irankiuzona.lt\/ru\/wp-json\/wp\/v2\/types\/product"}],"replies":[{"embeddable":true,"href":"https:\/\/irankiuzona.lt\/ru\/wp-json\/wp\/v2\/comments?post=403674"}],"version-history":[{"count":1,"href":"https:\/\/irankiuzona.lt\/ru\/wp-json\/wp\/v2\/product\/403674\/revisions"}],"predecessor-version":[{"id":420957,"href":"https:\/\/irankiuzona.lt\/ru\/wp-json\/wp\/v2\/product\/403674\/revisions\/420957"}],"wp:featuredmedia":[{"embeddable":true,"href":"https:\/\/irankiuzona.lt\/ru\/wp-json\/wp\/v2\/media\/257400"}],"wp:attachment":[{"href":"https:\/\/irankiuzona.lt\/ru\/wp-json\/wp\/v2\/media?parent=403674"}],"wp:term":[{"taxonomy":"product_cat","embeddable":true,"href":"https:\/\/irankiuzona.lt\/ru\/wp-json\/wp\/v2\/product_cat?post=403674"},{"taxonomy":"product_tag","embeddable":true,"href":"https:\/\/irankiuzona.lt\/ru\/wp-json\/wp\/v2\/product_tag?post=403674"}],"curies":[{"name":"wp","href":"https:\/\/api.w.org\/{rel}","templated":true}]}}