{"id":403676,"date":"2025-05-15T16:26:47","date_gmt":"2025-05-15T16:26:47","guid":{"rendered":"https:\/\/irankiuzona.lt\/product\/skaitmeninis-atstumo-matuoklis-0-1-10000m-2\/"},"modified":"2026-04-12T19:53:42","modified_gmt":"2026-04-12T19:53:42","slug":"skaitmeninis-atstumo-matuoklis-0-1-10000m-2","status":"publish","type":"product","link":"https:\/\/irankiuzona.lt\/ru\/product\/skaitmeninis-atstumo-matuoklis-0-1-10000m-2\/","title":{"rendered":"Skaitmeninis atstumo matuoklis 0.1-10000m"},"content":{"rendered":"<p>Tikslumas 0,1 m, 0,5 %Rato skersmuo 160mmBaterijos \u012ftampa 3VBaterijos tipas 2xAAADarbin\u0117 temperat\u016bra nuo -10\u00b0C iki 45\u00b0C<\/p>","protected":false},"excerpt":{"rendered":"<p>Skaitmeninis atstumo matuoklis\u00a0<\/p>","protected":false},"featured_media":257403,"comment_status":"open","ping_status":"open","template":"","meta":[],"product_cat":[9973],"product_tag":[9810],"class_list":{"0":"post-403676","1":"product","2":"type-product","3":"status-publish","4":"has-post-thumbnail","6":"product_brand-geko-lenkija","7":"product_cat-lazeriniai-matuokliai","8":"product_tag-geko-lenkija","10":"first","11":"instock","12":"purchasable","13":"product-type-simple"},"jetpack_sharing_enabled":true,"_links":{"self":[{"href":"https:\/\/irankiuzona.lt\/ru\/wp-json\/wp\/v2\/product\/403676","targetHints":{"allow":["GET"]}}],"collection":[{"href":"https:\/\/irankiuzona.lt\/ru\/wp-json\/wp\/v2\/product"}],"about":[{"href":"https:\/\/irankiuzona.lt\/ru\/wp-json\/wp\/v2\/types\/product"}],"replies":[{"embeddable":true,"href":"https:\/\/irankiuzona.lt\/ru\/wp-json\/wp\/v2\/comments?post=403676"}],"version-history":[{"count":1,"href":"https:\/\/irankiuzona.lt\/ru\/wp-json\/wp\/v2\/product\/403676\/revisions"}],"predecessor-version":[{"id":420958,"href":"https:\/\/irankiuzona.lt\/ru\/wp-json\/wp\/v2\/product\/403676\/revisions\/420958"}],"wp:featuredmedia":[{"embeddable":true,"href":"https:\/\/irankiuzona.lt\/ru\/wp-json\/wp\/v2\/media\/257403"}],"wp:attachment":[{"href":"https:\/\/irankiuzona.lt\/ru\/wp-json\/wp\/v2\/media?parent=403676"}],"wp:term":[{"taxonomy":"product_cat","embeddable":true,"href":"https:\/\/irankiuzona.lt\/ru\/wp-json\/wp\/v2\/product_cat?post=403676"},{"taxonomy":"product_tag","embeddable":true,"href":"https:\/\/irankiuzona.lt\/ru\/wp-json\/wp\/v2\/product_tag?post=403676"}],"curies":[{"name":"wp","href":"https:\/\/api.w.org\/{rel}","templated":true}]}}