{"id":403692,"date":"2025-05-15T16:27:08","date_gmt":"2025-05-15T16:27:08","guid":{"rendered":"https:\/\/irankiuzona.lt\/product\/pasto-dezute-300x215x65mm-2\/"},"modified":"2026-03-18T13:40:44","modified_gmt":"2026-03-18T13:40:44","slug":"pasto-dezute-300x215x65mm-2","status":"publish","type":"product","link":"https:\/\/irankiuzona.lt\/ru\/product\/pasto-dezute-300x215x65mm-2\/","title":{"rendered":"Pa\u0161to d\u0117\u017eut\u0117 300x215x65mm"},"content":{"rendered":"<p>R\u016bdims atspari cinkuoto plieno konstrukcija suteikia tvirtumo ir ilgaam\u017ei\u0161kumo.Rinkinyje yra 2 raktaiMontavimui reikalinga tvirtinimo \u012franga yra pakuot\u0117jePa\u0161to d\u0117\u017eut\u0117s i\u0161matavimai 300x215x65mm<\/p>","protected":false},"excerpt":{"rendered":"<p>Pa\u0161to d\u0117\u017eut\u0117 300x215x65mm<\/p>","protected":false},"featured_media":257451,"comment_status":"open","ping_status":"open","template":"","meta":[],"product_cat":[10015],"product_tag":[9810],"class_list":{"0":"post-403692","1":"product","2":"type-product","3":"status-publish","4":"has-post-thumbnail","6":"product_brand-geko-lenkija","7":"product_cat-dezutes-smulkmenoms","8":"product_tag-geko-lenkija","10":"first","11":"outofstock","12":"purchasable","13":"product-type-simple"},"jetpack_sharing_enabled":true,"_links":{"self":[{"href":"https:\/\/irankiuzona.lt\/ru\/wp-json\/wp\/v2\/product\/403692","targetHints":{"allow":["GET"]}}],"collection":[{"href":"https:\/\/irankiuzona.lt\/ru\/wp-json\/wp\/v2\/product"}],"about":[{"href":"https:\/\/irankiuzona.lt\/ru\/wp-json\/wp\/v2\/types\/product"}],"replies":[{"embeddable":true,"href":"https:\/\/irankiuzona.lt\/ru\/wp-json\/wp\/v2\/comments?post=403692"}],"version-history":[{"count":1,"href":"https:\/\/irankiuzona.lt\/ru\/wp-json\/wp\/v2\/product\/403692\/revisions"}],"predecessor-version":[{"id":420973,"href":"https:\/\/irankiuzona.lt\/ru\/wp-json\/wp\/v2\/product\/403692\/revisions\/420973"}],"wp:featuredmedia":[{"embeddable":true,"href":"https:\/\/irankiuzona.lt\/ru\/wp-json\/wp\/v2\/media\/257451"}],"wp:attachment":[{"href":"https:\/\/irankiuzona.lt\/ru\/wp-json\/wp\/v2\/media?parent=403692"}],"wp:term":[{"taxonomy":"product_cat","embeddable":true,"href":"https:\/\/irankiuzona.lt\/ru\/wp-json\/wp\/v2\/product_cat?post=403692"},{"taxonomy":"product_tag","embeddable":true,"href":"https:\/\/irankiuzona.lt\/ru\/wp-json\/wp\/v2\/product_tag?post=403692"}],"curies":[{"name":"wp","href":"https:\/\/api.w.org\/{rel}","templated":true}]}}