{"id":403696,"date":"2025-05-15T16:27:11","date_gmt":"2025-05-15T16:27:11","guid":{"rendered":"https:\/\/irankiuzona.lt\/product\/brezentinis-deklas-kombi-raktams-12d-6-32mm-2\/"},"modified":"2026-03-18T13:40:45","modified_gmt":"2026-03-18T13:40:45","slug":"brezentinis-deklas-kombi-raktams-12d-6-32mm-2","status":"publish","type":"product","link":"https:\/\/irankiuzona.lt\/ru\/product\/brezentinis-deklas-kombi-raktams-12d-6-32mm-2\/","title":{"rendered":"Brezentinis d\u0117klas kombi raktams 12d. 6-32mm"},"content":{"rendered":"<p>12 ki\u0161eni\u0173auk\u0161tos kokyb\u0117s ir patvari nailono drob\u0117<\/p>","protected":false},"excerpt":{"rendered":"<p>Brezentinis d\u0117klas kombi raktams 12d. 6-32mm<\/p>","protected":false},"featured_media":257457,"comment_status":"open","ping_status":"open","template":"","meta":[],"product_cat":[10020],"product_tag":[9810],"class_list":{"0":"post-403696","1":"product","2":"type-product","3":"status-publish","4":"has-post-thumbnail","6":"product_brand-geko-lenkija","7":"product_cat-deklai-raktams","8":"product_tag-geko-lenkija","10":"first","11":"outofstock","12":"purchasable","13":"product-type-simple"},"jetpack_sharing_enabled":true,"_links":{"self":[{"href":"https:\/\/irankiuzona.lt\/ru\/wp-json\/wp\/v2\/product\/403696","targetHints":{"allow":["GET"]}}],"collection":[{"href":"https:\/\/irankiuzona.lt\/ru\/wp-json\/wp\/v2\/product"}],"about":[{"href":"https:\/\/irankiuzona.lt\/ru\/wp-json\/wp\/v2\/types\/product"}],"replies":[{"embeddable":true,"href":"https:\/\/irankiuzona.lt\/ru\/wp-json\/wp\/v2\/comments?post=403696"}],"version-history":[{"count":1,"href":"https:\/\/irankiuzona.lt\/ru\/wp-json\/wp\/v2\/product\/403696\/revisions"}],"predecessor-version":[{"id":420975,"href":"https:\/\/irankiuzona.lt\/ru\/wp-json\/wp\/v2\/product\/403696\/revisions\/420975"}],"wp:featuredmedia":[{"embeddable":true,"href":"https:\/\/irankiuzona.lt\/ru\/wp-json\/wp\/v2\/media\/257457"}],"wp:attachment":[{"href":"https:\/\/irankiuzona.lt\/ru\/wp-json\/wp\/v2\/media?parent=403696"}],"wp:term":[{"taxonomy":"product_cat","embeddable":true,"href":"https:\/\/irankiuzona.lt\/ru\/wp-json\/wp\/v2\/product_cat?post=403696"},{"taxonomy":"product_tag","embeddable":true,"href":"https:\/\/irankiuzona.lt\/ru\/wp-json\/wp\/v2\/product_tag?post=403696"}],"curies":[{"name":"wp","href":"https:\/\/api.w.org\/{rel}","templated":true}]}}