{"id":403712,"date":"2025-05-15T16:27:28","date_gmt":"2025-05-15T16:27:28","guid":{"rendered":"https:\/\/irankiuzona.lt\/product\/darbo-lempa-60led-kraunama-12-230v-2\/"},"modified":"2026-04-13T02:53:19","modified_gmt":"2026-04-13T02:53:19","slug":"darbo-lempa-60led-kraunama-12-230v-2","status":"publish","type":"product","link":"https:\/\/irankiuzona.lt\/ru\/product\/darbo-lempa-60led-kraunama-12-230v-2\/","title":{"rendered":"Darbo lempa 60LED kraunama 12\/230V"},"content":{"rendered":"<p>Ry\u0161kios SMD LED lemput\u0117s\u012ekraunama li\u010dio jon\u0173 baterija\u012ejungimo\/i\u0161jungimo jungiklis ant rankenosSm\u016bgiams atsparus dizainasAtsparus aliejui ir vandeniuiPasukamas pakabinamas kabliukas ir magnetinis adapterisLempu\u010di\u0173 skai\u010dius: 60LED veikimo laikas: 100 000 valand\u0173Baterijos talpa: 1000 mAh 3,7V li\u010dio jon\u0173\u012ekrovimo laikas: 4-5 valandosVeikimo laikas: 3-4 valandos\u012ekrovimo adapteriai: DC 12V \/ AC 230V<\/p>","protected":false},"excerpt":{"rendered":"<p>Darbo lempa 60LED kraunama 12\/230V<\/p>","protected":false},"featured_media":257490,"comment_status":"open","ping_status":"open","template":"","meta":[],"product_cat":[9854],"product_tag":[9810],"class_list":{"0":"post-403712","1":"product","2":"type-product","3":"status-publish","4":"has-post-thumbnail","6":"product_brand-geko-lenkija","7":"product_cat-lempos-ikraunamos","8":"product_tag-geko-lenkija","10":"first","11":"instock","12":"purchasable","13":"product-type-simple"},"jetpack_sharing_enabled":true,"_links":{"self":[{"href":"https:\/\/irankiuzona.lt\/ru\/wp-json\/wp\/v2\/product\/403712","targetHints":{"allow":["GET"]}}],"collection":[{"href":"https:\/\/irankiuzona.lt\/ru\/wp-json\/wp\/v2\/product"}],"about":[{"href":"https:\/\/irankiuzona.lt\/ru\/wp-json\/wp\/v2\/types\/product"}],"replies":[{"embeddable":true,"href":"https:\/\/irankiuzona.lt\/ru\/wp-json\/wp\/v2\/comments?post=403712"}],"version-history":[{"count":1,"href":"https:\/\/irankiuzona.lt\/ru\/wp-json\/wp\/v2\/product\/403712\/revisions"}],"predecessor-version":[{"id":420983,"href":"https:\/\/irankiuzona.lt\/ru\/wp-json\/wp\/v2\/product\/403712\/revisions\/420983"}],"wp:featuredmedia":[{"embeddable":true,"href":"https:\/\/irankiuzona.lt\/ru\/wp-json\/wp\/v2\/media\/257490"}],"wp:attachment":[{"href":"https:\/\/irankiuzona.lt\/ru\/wp-json\/wp\/v2\/media?parent=403712"}],"wp:term":[{"taxonomy":"product_cat","embeddable":true,"href":"https:\/\/irankiuzona.lt\/ru\/wp-json\/wp\/v2\/product_cat?post=403712"},{"taxonomy":"product_tag","embeddable":true,"href":"https:\/\/irankiuzona.lt\/ru\/wp-json\/wp\/v2\/product_tag?post=403712"}],"curies":[{"name":"wp","href":"https:\/\/api.w.org\/{rel}","templated":true}]}}