{"id":403734,"date":"2025-05-15T16:39:17","date_gmt":"2025-05-15T16:39:17","guid":{"rendered":"https:\/\/irankiuzona.lt\/product\/graztas-komfirmatams-5-7mm-2\/"},"modified":"2026-04-15T03:24:11","modified_gmt":"2026-04-15T03:24:11","slug":"graztas-komfirmatams-5-7mm-2","status":"publish","type":"product","link":"https:\/\/irankiuzona.lt\/ru\/product\/graztas-komfirmatams-5-7mm-2\/","title":{"rendered":"Gr\u0105\u017etas komfirmatams 5-7mm"},"content":{"rendered":"","protected":false},"excerpt":{"rendered":"<p>Gr\u0105\u017etas komfirmatams 5-7mm<\/p>","protected":false},"featured_media":259275,"comment_status":"open","ping_status":"open","template":"","meta":[],"product_cat":[9844],"product_tag":[9810],"class_list":{"0":"post-403734","1":"product","2":"type-product","3":"status-publish","4":"has-post-thumbnail","6":"product_brand-geko-lenkija","7":"product_cat-graztai-komfirmatams","8":"product_tag-geko-lenkija","10":"first","11":"instock","12":"purchasable","13":"product-type-simple"},"jetpack_sharing_enabled":true,"_links":{"self":[{"href":"https:\/\/irankiuzona.lt\/ru\/wp-json\/wp\/v2\/product\/403734","targetHints":{"allow":["GET"]}}],"collection":[{"href":"https:\/\/irankiuzona.lt\/ru\/wp-json\/wp\/v2\/product"}],"about":[{"href":"https:\/\/irankiuzona.lt\/ru\/wp-json\/wp\/v2\/types\/product"}],"replies":[{"embeddable":true,"href":"https:\/\/irankiuzona.lt\/ru\/wp-json\/wp\/v2\/comments?post=403734"}],"version-history":[{"count":1,"href":"https:\/\/irankiuzona.lt\/ru\/wp-json\/wp\/v2\/product\/403734\/revisions"}],"predecessor-version":[{"id":421559,"href":"https:\/\/irankiuzona.lt\/ru\/wp-json\/wp\/v2\/product\/403734\/revisions\/421559"}],"wp:featuredmedia":[{"embeddable":true,"href":"https:\/\/irankiuzona.lt\/ru\/wp-json\/wp\/v2\/media\/259275"}],"wp:attachment":[{"href":"https:\/\/irankiuzona.lt\/ru\/wp-json\/wp\/v2\/media?parent=403734"}],"wp:term":[{"taxonomy":"product_cat","embeddable":true,"href":"https:\/\/irankiuzona.lt\/ru\/wp-json\/wp\/v2\/product_cat?post=403734"},{"taxonomy":"product_tag","embeddable":true,"href":"https:\/\/irankiuzona.lt\/ru\/wp-json\/wp\/v2\/product_tag?post=403734"}],"curies":[{"name":"wp","href":"https:\/\/api.w.org\/{rel}","templated":true}]}}