{"id":403736,"date":"2025-05-15T16:39:19","date_gmt":"2025-05-15T16:39:19","guid":{"rendered":"https:\/\/irankiuzona.lt\/product\/dviracio-ratu-remonto-irankiai-4vnt-2\/"},"modified":"2026-04-19T08:57:49","modified_gmt":"2026-04-19T08:57:49","slug":"dviracio-ratu-remonto-irankiai-4vnt-2","status":"publish","type":"product","link":"https:\/\/irankiuzona.lt\/ru\/product\/dviracio-ratu-remonto-irankiai-4vnt-2\/","title":{"rendered":"Dvira\u010dio rat\u0173 remonto \u012frankiai 4vnt."},"content":{"rendered":"","protected":false},"excerpt":{"rendered":"<p>Dvira\u010dio rat\u0173 remonto \u012frankiai 4vnt.<\/p>","protected":false},"featured_media":259281,"comment_status":"open","ping_status":"open","template":"","meta":[],"product_cat":[10129],"product_tag":[9810],"class_list":{"0":"post-403736","1":"product","2":"type-product","3":"status-publish","4":"has-post-thumbnail","6":"product_brand-geko-lenkija","7":"product_cat-ispardavimas","8":"product_tag-geko-lenkija","10":"first","11":"instock","12":"purchasable","13":"product-type-simple"},"jetpack_sharing_enabled":true,"_links":{"self":[{"href":"https:\/\/irankiuzona.lt\/ru\/wp-json\/wp\/v2\/product\/403736","targetHints":{"allow":["GET"]}}],"collection":[{"href":"https:\/\/irankiuzona.lt\/ru\/wp-json\/wp\/v2\/product"}],"about":[{"href":"https:\/\/irankiuzona.lt\/ru\/wp-json\/wp\/v2\/types\/product"}],"replies":[{"embeddable":true,"href":"https:\/\/irankiuzona.lt\/ru\/wp-json\/wp\/v2\/comments?post=403736"}],"version-history":[{"count":1,"href":"https:\/\/irankiuzona.lt\/ru\/wp-json\/wp\/v2\/product\/403736\/revisions"}],"predecessor-version":[{"id":421561,"href":"https:\/\/irankiuzona.lt\/ru\/wp-json\/wp\/v2\/product\/403736\/revisions\/421561"}],"wp:featuredmedia":[{"embeddable":true,"href":"https:\/\/irankiuzona.lt\/ru\/wp-json\/wp\/v2\/media\/259281"}],"wp:attachment":[{"href":"https:\/\/irankiuzona.lt\/ru\/wp-json\/wp\/v2\/media?parent=403736"}],"wp:term":[{"taxonomy":"product_cat","embeddable":true,"href":"https:\/\/irankiuzona.lt\/ru\/wp-json\/wp\/v2\/product_cat?post=403736"},{"taxonomy":"product_tag","embeddable":true,"href":"https:\/\/irankiuzona.lt\/ru\/wp-json\/wp\/v2\/product_tag?post=403736"}],"curies":[{"name":"wp","href":"https:\/\/api.w.org\/{rel}","templated":true}]}}