{"id":403738,"date":"2025-05-15T16:39:21","date_gmt":"2025-05-15T16:39:21","guid":{"rendered":"https:\/\/irankiuzona.lt\/product\/reples-voztuvams-su-antgaliais-5\/"},"modified":"2026-04-27T08:00:23","modified_gmt":"2026-04-27T08:00:23","slug":"reples-voztuvams-su-antgaliais-5","status":"publish","type":"product","link":"https:\/\/irankiuzona.lt\/ru\/product\/reples-voztuvams-su-antgaliais-5\/","title":{"rendered":"Repl\u0117s vo\u017etuvams su antgaliais"},"content":{"rendered":"<p>-jung\u010di\u0173 dyd\u017eiai: 5 &#8211; 5,5 &#8211; 6 &#8211; 6,5 &#8211; 7 &#8211; 8 mm 3\/8&quot;<br \/>\n-pagalbinis \u012frankis: ilgis x skersmuo: 150 x 20 mm<\/p>","protected":false},"excerpt":{"rendered":"<p>Repl\u0117s vo\u017etuvams su antgaliais<\/p>","protected":false},"featured_media":259284,"comment_status":"open","ping_status":"open","template":"","meta":[],"product_cat":[9538],"product_tag":[9810],"class_list":{"0":"post-403738","1":"product","2":"type-product","3":"status-publish","4":"has-post-thumbnail","6":"product_brand-geko-lenkija","7":"product_cat-irankiai-voztuvams","8":"product_tag-geko-lenkija","10":"first","11":"outofstock","12":"purchasable","13":"product-type-simple"},"jetpack_sharing_enabled":true,"_links":{"self":[{"href":"https:\/\/irankiuzona.lt\/ru\/wp-json\/wp\/v2\/product\/403738","targetHints":{"allow":["GET"]}}],"collection":[{"href":"https:\/\/irankiuzona.lt\/ru\/wp-json\/wp\/v2\/product"}],"about":[{"href":"https:\/\/irankiuzona.lt\/ru\/wp-json\/wp\/v2\/types\/product"}],"replies":[{"embeddable":true,"href":"https:\/\/irankiuzona.lt\/ru\/wp-json\/wp\/v2\/comments?post=403738"}],"version-history":[{"count":1,"href":"https:\/\/irankiuzona.lt\/ru\/wp-json\/wp\/v2\/product\/403738\/revisions"}],"predecessor-version":[{"id":421562,"href":"https:\/\/irankiuzona.lt\/ru\/wp-json\/wp\/v2\/product\/403738\/revisions\/421562"}],"wp:featuredmedia":[{"embeddable":true,"href":"https:\/\/irankiuzona.lt\/ru\/wp-json\/wp\/v2\/media\/259284"}],"wp:attachment":[{"href":"https:\/\/irankiuzona.lt\/ru\/wp-json\/wp\/v2\/media?parent=403738"}],"wp:term":[{"taxonomy":"product_cat","embeddable":true,"href":"https:\/\/irankiuzona.lt\/ru\/wp-json\/wp\/v2\/product_cat?post=403738"},{"taxonomy":"product_tag","embeddable":true,"href":"https:\/\/irankiuzona.lt\/ru\/wp-json\/wp\/v2\/product_tag?post=403738"}],"curies":[{"name":"wp","href":"https:\/\/api.w.org\/{rel}","templated":true}]}}