{"id":403756,"date":"2025-05-15T16:39:41","date_gmt":"2025-05-15T16:39:41","guid":{"rendered":"https:\/\/irankiuzona.lt\/product\/sepetys-dviracio-grandinei-valyti-2\/"},"modified":"2026-05-10T01:10:44","modified_gmt":"2026-05-10T01:10:44","slug":"sepetys-dviracio-grandinei-valyti-2","status":"publish","type":"product","link":"https:\/\/irankiuzona.lt\/ru\/product\/sepetys-dviracio-grandinei-valyti-2\/","title":{"rendered":"\u0160epetys dvira\u010dio grandinei valyti"},"content":{"rendered":"","protected":false},"excerpt":{"rendered":"<p>\u0160epetys dvira\u010dio grandinei valyti<\/p>","protected":false},"featured_media":259329,"comment_status":"open","ping_status":"open","template":"","meta":[],"product_cat":[9609],"product_tag":[9810],"class_list":{"0":"post-403756","1":"product","2":"type-product","3":"status-publish","4":"has-post-thumbnail","6":"product_brand-geko-lenkija","7":"product_cat-rankiniai-sepeciai","8":"product_tag-geko-lenkija","10":"first","11":"instock","12":"purchasable","13":"product-type-simple"},"jetpack_sharing_enabled":true,"_links":{"self":[{"href":"https:\/\/irankiuzona.lt\/ru\/wp-json\/wp\/v2\/product\/403756","targetHints":{"allow":["GET"]}}],"collection":[{"href":"https:\/\/irankiuzona.lt\/ru\/wp-json\/wp\/v2\/product"}],"about":[{"href":"https:\/\/irankiuzona.lt\/ru\/wp-json\/wp\/v2\/types\/product"}],"replies":[{"embeddable":true,"href":"https:\/\/irankiuzona.lt\/ru\/wp-json\/wp\/v2\/comments?post=403756"}],"version-history":[{"count":1,"href":"https:\/\/irankiuzona.lt\/ru\/wp-json\/wp\/v2\/product\/403756\/revisions"}],"predecessor-version":[{"id":421577,"href":"https:\/\/irankiuzona.lt\/ru\/wp-json\/wp\/v2\/product\/403756\/revisions\/421577"}],"wp:featuredmedia":[{"embeddable":true,"href":"https:\/\/irankiuzona.lt\/ru\/wp-json\/wp\/v2\/media\/259329"}],"wp:attachment":[{"href":"https:\/\/irankiuzona.lt\/ru\/wp-json\/wp\/v2\/media?parent=403756"}],"wp:term":[{"taxonomy":"product_cat","embeddable":true,"href":"https:\/\/irankiuzona.lt\/ru\/wp-json\/wp\/v2\/product_cat?post=403756"},{"taxonomy":"product_tag","embeddable":true,"href":"https:\/\/irankiuzona.lt\/ru\/wp-json\/wp\/v2\/product_tag?post=403756"}],"curies":[{"name":"wp","href":"https:\/\/api.w.org\/{rel}","templated":true}]}}