{"id":403762,"date":"2025-05-15T16:39:57","date_gmt":"2025-05-15T16:39:57","guid":{"rendered":"https:\/\/irankiuzona.lt\/product\/kebulo-idubu-salinimo-irankis-indukcinis-pdr-2\/"},"modified":"2026-03-17T05:20:13","modified_gmt":"2026-03-17T05:20:13","slug":"kebulo-idubu-salinimo-irankis-indukcinis-pdr-2","status":"publish","type":"product","link":"https:\/\/irankiuzona.lt\/ru\/product\/kebulo-idubu-salinimo-irankis-indukcinis-pdr-2\/","title":{"rendered":"K\u0117bulo \u012fdub\u0173 \u0161alinimo \u012frankis \/ indukcinis PDR"},"content":{"rendered":"<p>Produkto charakteristika:<br \/>\nGreitas \u012flenkim\u0173, sukelt\u0173, pvz., kru\u0161os, pa\u0161alinimasPo remonto remontuojam\u0173 k\u0117bulo dali\u0173 da\u017eyti neb\u016btinaIndukcinis \u012flenkim\u0173 \u0161alinimas ta\u0161kiniu kaitinimuRinkin\u012f sudaro \u012fvairi\u0173 tip\u0173 plaktuk\u0173 rinkinys visas komplektas supakuotas \u012f patvar\u0173 lagamin\u0105Maitinimas: 230VDa\u017enis: ~ 50HzSaugiklis: 10A<\/p>","protected":false},"excerpt":{"rendered":"<p>K\u0117bulo \u012fdub\u0173 \u0161alinimo \u012frankis \/ indukcinis PDR<\/p>","protected":false},"featured_media":259371,"comment_status":"open","ping_status":"open","template":"","meta":[],"product_cat":[9556],"product_tag":[9810],"class_list":{"0":"post-403762","1":"product","2":"type-product","3":"status-publish","4":"has-post-thumbnail","6":"product_brand-geko-lenkija","7":"product_cat-irankiai-kebulo-lyginimui","8":"product_tag-geko-lenkija","10":"first","11":"outofstock","12":"purchasable","13":"product-type-simple"},"jetpack_sharing_enabled":true,"_links":{"self":[{"href":"https:\/\/irankiuzona.lt\/ru\/wp-json\/wp\/v2\/product\/403762","targetHints":{"allow":["GET"]}}],"collection":[{"href":"https:\/\/irankiuzona.lt\/ru\/wp-json\/wp\/v2\/product"}],"about":[{"href":"https:\/\/irankiuzona.lt\/ru\/wp-json\/wp\/v2\/types\/product"}],"replies":[{"embeddable":true,"href":"https:\/\/irankiuzona.lt\/ru\/wp-json\/wp\/v2\/comments?post=403762"}],"version-history":[{"count":1,"href":"https:\/\/irankiuzona.lt\/ru\/wp-json\/wp\/v2\/product\/403762\/revisions"}],"predecessor-version":[{"id":421591,"href":"https:\/\/irankiuzona.lt\/ru\/wp-json\/wp\/v2\/product\/403762\/revisions\/421591"}],"wp:featuredmedia":[{"embeddable":true,"href":"https:\/\/irankiuzona.lt\/ru\/wp-json\/wp\/v2\/media\/259371"}],"wp:attachment":[{"href":"https:\/\/irankiuzona.lt\/ru\/wp-json\/wp\/v2\/media?parent=403762"}],"wp:term":[{"taxonomy":"product_cat","embeddable":true,"href":"https:\/\/irankiuzona.lt\/ru\/wp-json\/wp\/v2\/product_cat?post=403762"},{"taxonomy":"product_tag","embeddable":true,"href":"https:\/\/irankiuzona.lt\/ru\/wp-json\/wp\/v2\/product_tag?post=403762"}],"curies":[{"name":"wp","href":"https:\/\/api.w.org\/{rel}","templated":true}]}}