{"id":403778,"date":"2025-05-15T16:46:27","date_gmt":"2025-05-15T16:46:27","guid":{"rendered":"https:\/\/irankiuzona.lt\/product\/galvute-1-65mm-smugine-3\/"},"modified":"2026-03-18T14:35:59","modified_gmt":"2026-03-18T14:35:59","slug":"galvute-1-65mm-smugine-3","status":"publish","type":"product","link":"https:\/\/irankiuzona.lt\/ru\/product\/galvute-1-65mm-smugine-3\/","title":{"rendered":"Galvut\u0117 1&quot; 65mm sm\u016bgin\u0117"},"content":{"rendered":"","protected":false},"excerpt":{"rendered":"<p>Galva sm\u016bgin\u0117 Cr-Mo 1&#8221; 65mm<\/p>","protected":false},"featured_media":260359,"comment_status":"open","ping_status":"open","template":"","meta":[],"product_cat":[9772],"product_tag":[9810],"class_list":{"0":"post-403778","1":"product","2":"type-product","3":"status-publish","4":"has-post-thumbnail","6":"product_brand-geko-lenkija","7":"product_cat-1-25-mm-trumpos-ir-ilgos-smugines-sesiakampes-galvutes","8":"product_tag-geko-lenkija","10":"first","11":"outofstock","12":"purchasable","13":"product-type-simple"},"jetpack_sharing_enabled":true,"_links":{"self":[{"href":"https:\/\/irankiuzona.lt\/ru\/wp-json\/wp\/v2\/product\/403778","targetHints":{"allow":["GET"]}}],"collection":[{"href":"https:\/\/irankiuzona.lt\/ru\/wp-json\/wp\/v2\/product"}],"about":[{"href":"https:\/\/irankiuzona.lt\/ru\/wp-json\/wp\/v2\/types\/product"}],"replies":[{"embeddable":true,"href":"https:\/\/irankiuzona.lt\/ru\/wp-json\/wp\/v2\/comments?post=403778"}],"version-history":[{"count":1,"href":"https:\/\/irankiuzona.lt\/ru\/wp-json\/wp\/v2\/product\/403778\/revisions"}],"predecessor-version":[{"id":421918,"href":"https:\/\/irankiuzona.lt\/ru\/wp-json\/wp\/v2\/product\/403778\/revisions\/421918"}],"wp:featuredmedia":[{"embeddable":true,"href":"https:\/\/irankiuzona.lt\/ru\/wp-json\/wp\/v2\/media\/260359"}],"wp:attachment":[{"href":"https:\/\/irankiuzona.lt\/ru\/wp-json\/wp\/v2\/media?parent=403778"}],"wp:term":[{"taxonomy":"product_cat","embeddable":true,"href":"https:\/\/irankiuzona.lt\/ru\/wp-json\/wp\/v2\/product_cat?post=403778"},{"taxonomy":"product_tag","embeddable":true,"href":"https:\/\/irankiuzona.lt\/ru\/wp-json\/wp\/v2\/product_tag?post=403778"}],"curies":[{"name":"wp","href":"https:\/\/api.w.org\/{rel}","templated":true}]}}