{"id":403784,"date":"2025-05-15T16:46:39","date_gmt":"2025-05-15T16:46:39","guid":{"rendered":"https:\/\/irankiuzona.lt\/product\/stabdziu-nuorinimo-irankis-su-adapteriais-4\/"},"modified":"2026-05-15T07:28:19","modified_gmt":"2026-05-15T07:28:19","slug":"stabdziu-nuorinimo-irankis-su-adapteriais-4","status":"publish","type":"product","link":"https:\/\/irankiuzona.lt\/ru\/product\/stabdziu-nuorinimo-irankis-su-adapteriais-4\/","title":{"rendered":"Stabd\u017ei\u0173 nuorinimo \u012frankis su adapteriais"},"content":{"rendered":"<p>Darbinis sl\u0117gis: 10-40 PSI (0,7-2,8 baro)Oro s\u0105naudos: 127,43 l \/ min (4,5 CFM)Sl\u0117gio bako talpa: 10 litr\u0173Oro jungtis: 1\/4 &quot;\u017darnos ilgis: 5,4 m<\/p>\n<p>adapteriai stabd\u017ei\u0173 skys\u010dio rezervuarui &#8211; 8 vnt.universal\u016bs adapteriai &#8211; 3 vntpanaudoto stabd\u017ei\u0173 skys\u010dio talpykla su \u017earna ir guminiu adapteriu<\/p>","protected":false},"excerpt":{"rendered":"<p>Stabd\u017ei\u0173 nuorinimo \u012frankis su adapteriais<\/p>","protected":false},"featured_media":260368,"comment_status":"open","ping_status":"open","template":"","meta":[],"product_cat":[9534],"product_tag":[9810],"class_list":{"0":"post-403784","1":"product","2":"type-product","3":"status-publish","4":"has-post-thumbnail","6":"product_brand-geko-lenkija","7":"product_cat-stabdziu-remonto-nuorinimo-irankiai","8":"product_tag-geko-lenkija","10":"first","11":"outofstock","12":"purchasable","13":"product-type-simple"},"jetpack_sharing_enabled":true,"_links":{"self":[{"href":"https:\/\/irankiuzona.lt\/ru\/wp-json\/wp\/v2\/product\/403784","targetHints":{"allow":["GET"]}}],"collection":[{"href":"https:\/\/irankiuzona.lt\/ru\/wp-json\/wp\/v2\/product"}],"about":[{"href":"https:\/\/irankiuzona.lt\/ru\/wp-json\/wp\/v2\/types\/product"}],"replies":[{"embeddable":true,"href":"https:\/\/irankiuzona.lt\/ru\/wp-json\/wp\/v2\/comments?post=403784"}],"version-history":[{"count":1,"href":"https:\/\/irankiuzona.lt\/ru\/wp-json\/wp\/v2\/product\/403784\/revisions"}],"predecessor-version":[{"id":421921,"href":"https:\/\/irankiuzona.lt\/ru\/wp-json\/wp\/v2\/product\/403784\/revisions\/421921"}],"wp:featuredmedia":[{"embeddable":true,"href":"https:\/\/irankiuzona.lt\/ru\/wp-json\/wp\/v2\/media\/260368"}],"wp:attachment":[{"href":"https:\/\/irankiuzona.lt\/ru\/wp-json\/wp\/v2\/media?parent=403784"}],"wp:term":[{"taxonomy":"product_cat","embeddable":true,"href":"https:\/\/irankiuzona.lt\/ru\/wp-json\/wp\/v2\/product_cat?post=403784"},{"taxonomy":"product_tag","embeddable":true,"href":"https:\/\/irankiuzona.lt\/ru\/wp-json\/wp\/v2\/product_tag?post=403784"}],"curies":[{"name":"wp","href":"https:\/\/api.w.org\/{rel}","templated":true}]}}