{"id":403798,"date":"2025-05-15T16:50:59","date_gmt":"2025-05-15T16:50:59","guid":{"rendered":"https:\/\/irankiuzona.lt\/product\/sepetys-padangu-montavimo-pastai-3\/"},"modified":"2026-04-21T16:48:31","modified_gmt":"2026-04-21T16:48:31","slug":"sepetys-padangu-montavimo-pastai-3","status":"publish","type":"product","link":"https:\/\/irankiuzona.lt\/ru\/product\/sepetys-padangu-montavimo-pastai-3\/","title":{"rendered":"\u0160epetys padang\u0173 montavimo pastai"},"content":{"rendered":"","protected":false},"excerpt":{"rendered":"<p>\u0160epetys padang\u0173 montavimo pastai<\/p>","protected":false},"featured_media":261000,"comment_status":"open","ping_status":"open","template":"","meta":[],"product_cat":[9924],"product_tag":[9810],"class_list":{"0":"post-403798","1":"product","2":"type-product","3":"status-publish","4":"has-post-thumbnail","6":"product_brand-geko-lenkija","7":"product_cat-padangu-remonto-chemija","8":"product_tag-geko-lenkija","10":"first","11":"instock","12":"purchasable","13":"product-type-simple"},"jetpack_sharing_enabled":true,"_links":{"self":[{"href":"https:\/\/irankiuzona.lt\/ru\/wp-json\/wp\/v2\/product\/403798","targetHints":{"allow":["GET"]}}],"collection":[{"href":"https:\/\/irankiuzona.lt\/ru\/wp-json\/wp\/v2\/product"}],"about":[{"href":"https:\/\/irankiuzona.lt\/ru\/wp-json\/wp\/v2\/types\/product"}],"replies":[{"embeddable":true,"href":"https:\/\/irankiuzona.lt\/ru\/wp-json\/wp\/v2\/comments?post=403798"}],"version-history":[{"count":1,"href":"https:\/\/irankiuzona.lt\/ru\/wp-json\/wp\/v2\/product\/403798\/revisions"}],"predecessor-version":[{"id":422134,"href":"https:\/\/irankiuzona.lt\/ru\/wp-json\/wp\/v2\/product\/403798\/revisions\/422134"}],"wp:featuredmedia":[{"embeddable":true,"href":"https:\/\/irankiuzona.lt\/ru\/wp-json\/wp\/v2\/media\/261000"}],"wp:attachment":[{"href":"https:\/\/irankiuzona.lt\/ru\/wp-json\/wp\/v2\/media?parent=403798"}],"wp:term":[{"taxonomy":"product_cat","embeddable":true,"href":"https:\/\/irankiuzona.lt\/ru\/wp-json\/wp\/v2\/product_cat?post=403798"},{"taxonomy":"product_tag","embeddable":true,"href":"https:\/\/irankiuzona.lt\/ru\/wp-json\/wp\/v2\/product_tag?post=403798"}],"curies":[{"name":"wp","href":"https:\/\/api.w.org\/{rel}","templated":true}]}}