{"id":403808,"date":"2025-05-15T16:51:17","date_gmt":"2025-05-15T16:51:17","guid":{"rendered":"https:\/\/irankiuzona.lt\/product\/karunos-metalui-su-titanu-22-65mm-6vnt-2\/"},"modified":"2026-04-21T12:37:42","modified_gmt":"2026-04-21T12:37:42","slug":"karunos-metalui-su-titanu-22-65mm-6vnt-2","status":"publish","type":"product","link":"https:\/\/irankiuzona.lt\/ru\/product\/karunos-metalui-su-titanu-22-65mm-6vnt-2\/","title":{"rendered":"Kar\u016bnos metalui su titanu 22-65mm 6vnt."},"content":{"rendered":"<p>Gr\u0119\u017eimo skersmenys: 22, 30, 35, 45, 50, 65 mm<br \/>\nMaksimalus gr\u0119\u017eimo gylis: 25 mm<\/p>","protected":false},"excerpt":{"rendered":"<p>Kar\u016bnos metalui su titanu 22-65mm 6vnt.<\/p>","protected":false},"featured_media":261030,"comment_status":"open","ping_status":"open","template":"","meta":[],"product_cat":[9710],"product_tag":[9810],"class_list":{"0":"post-403808","1":"product","2":"type-product","3":"status-publish","4":"has-post-thumbnail","6":"product_brand-geko-lenkija","7":"product_cat-grezimo-karunos-metalui-medziui","8":"product_tag-geko-lenkija","10":"first","11":"outofstock","12":"purchasable","13":"product-type-simple"},"jetpack_sharing_enabled":true,"_links":{"self":[{"href":"https:\/\/irankiuzona.lt\/ru\/wp-json\/wp\/v2\/product\/403808","targetHints":{"allow":["GET"]}}],"collection":[{"href":"https:\/\/irankiuzona.lt\/ru\/wp-json\/wp\/v2\/product"}],"about":[{"href":"https:\/\/irankiuzona.lt\/ru\/wp-json\/wp\/v2\/types\/product"}],"replies":[{"embeddable":true,"href":"https:\/\/irankiuzona.lt\/ru\/wp-json\/wp\/v2\/comments?post=403808"}],"version-history":[{"count":1,"href":"https:\/\/irankiuzona.lt\/ru\/wp-json\/wp\/v2\/product\/403808\/revisions"}],"predecessor-version":[{"id":422144,"href":"https:\/\/irankiuzona.lt\/ru\/wp-json\/wp\/v2\/product\/403808\/revisions\/422144"}],"wp:featuredmedia":[{"embeddable":true,"href":"https:\/\/irankiuzona.lt\/ru\/wp-json\/wp\/v2\/media\/261030"}],"wp:attachment":[{"href":"https:\/\/irankiuzona.lt\/ru\/wp-json\/wp\/v2\/media?parent=403808"}],"wp:term":[{"taxonomy":"product_cat","embeddable":true,"href":"https:\/\/irankiuzona.lt\/ru\/wp-json\/wp\/v2\/product_cat?post=403808"},{"taxonomy":"product_tag","embeddable":true,"href":"https:\/\/irankiuzona.lt\/ru\/wp-json\/wp\/v2\/product_tag?post=403808"}],"curies":[{"name":"wp","href":"https:\/\/api.w.org\/{rel}","templated":true}]}}