{"id":403816,"date":"2025-05-15T16:51:24","date_gmt":"2025-05-15T16:51:24","guid":{"rendered":"https:\/\/irankiuzona.lt\/product\/ikraunama-lempa-led-10w-800lm-2\/"},"modified":"2026-04-15T01:34:18","modified_gmt":"2026-04-15T01:34:18","slug":"ikraunama-lempa-led-10w-800lm-2","status":"publish","type":"product","link":"https:\/\/irankiuzona.lt\/ru\/product\/ikraunama-lempa-led-10w-800lm-2\/","title":{"rendered":"\u012ekraunama lempa LED 10W 800Lm"},"content":{"rendered":"<p>Technin\u0117s specifikacijos:<br \/>\n\u0160viesos \u0161altinis: T6 Cree LED<br \/>\n\u0160viesos srautas: 800 liumen\u0173<br \/>\nMaitinimas: 18650ICR baterija, kurios talpa 2200mAh (kraunama) ARBA 3x AAA baterijos<br \/>\nAtsparus vandeniui: taip &#8211; IPX4<br \/>\nDiapazonas: iki 500 m<br \/>\nKorpusas: anoduotas aliuminis<br \/>\nAp\u0161vietimo re\u017eim\u0173 skai\u010dius: 3<\/p>","protected":false},"excerpt":{"rendered":"<p>\u012ekraunama lempa LED 10W 800Lm<\/p>","protected":false},"featured_media":261045,"comment_status":"open","ping_status":"open","template":"","meta":[],"product_cat":[9854],"product_tag":[9810],"class_list":{"0":"post-403816","1":"product","2":"type-product","3":"status-publish","4":"has-post-thumbnail","6":"product_brand-geko-lenkija","7":"product_cat-lempos-ikraunamos","8":"product_tag-geko-lenkija","10":"first","11":"instock","12":"purchasable","13":"product-type-simple"},"jetpack_sharing_enabled":true,"_links":{"self":[{"href":"https:\/\/irankiuzona.lt\/ru\/wp-json\/wp\/v2\/product\/403816","targetHints":{"allow":["GET"]}}],"collection":[{"href":"https:\/\/irankiuzona.lt\/ru\/wp-json\/wp\/v2\/product"}],"about":[{"href":"https:\/\/irankiuzona.lt\/ru\/wp-json\/wp\/v2\/types\/product"}],"replies":[{"embeddable":true,"href":"https:\/\/irankiuzona.lt\/ru\/wp-json\/wp\/v2\/comments?post=403816"}],"version-history":[{"count":1,"href":"https:\/\/irankiuzona.lt\/ru\/wp-json\/wp\/v2\/product\/403816\/revisions"}],"predecessor-version":[{"id":422149,"href":"https:\/\/irankiuzona.lt\/ru\/wp-json\/wp\/v2\/product\/403816\/revisions\/422149"}],"wp:featuredmedia":[{"embeddable":true,"href":"https:\/\/irankiuzona.lt\/ru\/wp-json\/wp\/v2\/media\/261045"}],"wp:attachment":[{"href":"https:\/\/irankiuzona.lt\/ru\/wp-json\/wp\/v2\/media?parent=403816"}],"wp:term":[{"taxonomy":"product_cat","embeddable":true,"href":"https:\/\/irankiuzona.lt\/ru\/wp-json\/wp\/v2\/product_cat?post=403816"},{"taxonomy":"product_tag","embeddable":true,"href":"https:\/\/irankiuzona.lt\/ru\/wp-json\/wp\/v2\/product_tag?post=403816"}],"curies":[{"name":"wp","href":"https:\/\/api.w.org\/{rel}","templated":true}]}}