{"id":403850,"date":"2025-05-15T16:59:39","date_gmt":"2025-05-15T16:59:39","guid":{"rendered":"https:\/\/irankiuzona.lt\/product\/termo-gilziu-movu-komplektas-15-25mm2-30vnt-3\/"},"modified":"2026-04-13T21:45:16","modified_gmt":"2026-04-13T21:45:16","slug":"termo-gilziu-movu-komplektas-15-25mm2-30vnt-3","status":"publish","type":"product","link":"https:\/\/irankiuzona.lt\/ru\/product\/termo-gilziu-movu-komplektas-15-25mm2-30vnt-3\/","title":{"rendered":"Termo gilzi\u0173-mov\u0173 komplektas 1,5-2,5mm2 30vnt"},"content":{"rendered":"","protected":false},"excerpt":{"rendered":"<p>Termo gilzi\u0173-mov\u0173 komplektas 1,5-2,5mm2 30vnt<\/p>","protected":false},"featured_media":262290,"comment_status":"open","ping_status":"open","template":"","meta":[],"product_cat":[10113],"product_tag":[9810],"class_list":{"0":"post-403850","1":"product","2":"type-product","3":"status-publish","4":"has-post-thumbnail","6":"product_brand-geko-lenkija","7":"product_cat-elektriko-jungtys-izoliacines-juostos","8":"product_tag-geko-lenkija","10":"first","11":"outofstock","12":"purchasable","13":"product-type-simple"},"jetpack_sharing_enabled":true,"_links":{"self":[{"href":"https:\/\/irankiuzona.lt\/ru\/wp-json\/wp\/v2\/product\/403850","targetHints":{"allow":["GET"]}}],"collection":[{"href":"https:\/\/irankiuzona.lt\/ru\/wp-json\/wp\/v2\/product"}],"about":[{"href":"https:\/\/irankiuzona.lt\/ru\/wp-json\/wp\/v2\/types\/product"}],"replies":[{"embeddable":true,"href":"https:\/\/irankiuzona.lt\/ru\/wp-json\/wp\/v2\/comments?post=403850"}],"version-history":[{"count":1,"href":"https:\/\/irankiuzona.lt\/ru\/wp-json\/wp\/v2\/product\/403850\/revisions"}],"predecessor-version":[{"id":422556,"href":"https:\/\/irankiuzona.lt\/ru\/wp-json\/wp\/v2\/product\/403850\/revisions\/422556"}],"wp:featuredmedia":[{"embeddable":true,"href":"https:\/\/irankiuzona.lt\/ru\/wp-json\/wp\/v2\/media\/262290"}],"wp:attachment":[{"href":"https:\/\/irankiuzona.lt\/ru\/wp-json\/wp\/v2\/media?parent=403850"}],"wp:term":[{"taxonomy":"product_cat","embeddable":true,"href":"https:\/\/irankiuzona.lt\/ru\/wp-json\/wp\/v2\/product_cat?post=403850"},{"taxonomy":"product_tag","embeddable":true,"href":"https:\/\/irankiuzona.lt\/ru\/wp-json\/wp\/v2\/product_tag?post=403850"}],"curies":[{"name":"wp","href":"https:\/\/api.w.org\/{rel}","templated":true}]}}