{"id":403854,"date":"2025-05-15T16:59:43","date_gmt":"2025-05-15T16:59:43","guid":{"rendered":"https:\/\/irankiuzona.lt\/product\/ilenkimu-salinimo-prietaisas-48vnt-2\/"},"modified":"2026-04-14T01:15:46","modified_gmt":"2026-04-14T01:15:46","slug":"ilenkimu-salinimo-prietaisas-48vnt-2","status":"publish","type":"product","link":"https:\/\/irankiuzona.lt\/ru\/product\/ilenkimu-salinimo-prietaisas-48vnt-2\/","title":{"rendered":"\u012elenkim\u0173 \u0161alinimo prietaisas 48vnt."},"content":{"rendered":"<p>lengvas ir saugus naudotiKojel\u0117s su gumomis, tod\u0117l yra saugus da\u017eymuidaugkartinio naudojimo40 \u012fvairi\u0173 dyd\u017ei\u0173 ir form\u0173 pagalv\u0117l\u0117srinkin\u012f sudaro 7 kar\u0161to lydalo klij\u0173 lazdel\u0117s, mentel\u0117 klijams pa\u0161alinti ir buteliukas su purk\u0161tuvu<\/p>","protected":false},"excerpt":{"rendered":"<p>\u012elenkim\u0173 \u0161alinimo prietaisas 48vnt.<\/p>","protected":false},"featured_media":262299,"comment_status":"open","ping_status":"open","template":"","meta":[],"product_cat":[9556],"product_tag":[9810],"class_list":{"0":"post-403854","1":"product","2":"type-product","3":"status-publish","4":"has-post-thumbnail","6":"product_brand-geko-lenkija","7":"product_cat-irankiai-kebulo-lyginimui","8":"product_tag-geko-lenkija","10":"first","11":"instock","12":"purchasable","13":"product-type-simple"},"jetpack_sharing_enabled":true,"_links":{"self":[{"href":"https:\/\/irankiuzona.lt\/ru\/wp-json\/wp\/v2\/product\/403854","targetHints":{"allow":["GET"]}}],"collection":[{"href":"https:\/\/irankiuzona.lt\/ru\/wp-json\/wp\/v2\/product"}],"about":[{"href":"https:\/\/irankiuzona.lt\/ru\/wp-json\/wp\/v2\/types\/product"}],"replies":[{"embeddable":true,"href":"https:\/\/irankiuzona.lt\/ru\/wp-json\/wp\/v2\/comments?post=403854"}],"version-history":[{"count":1,"href":"https:\/\/irankiuzona.lt\/ru\/wp-json\/wp\/v2\/product\/403854\/revisions"}],"predecessor-version":[{"id":422559,"href":"https:\/\/irankiuzona.lt\/ru\/wp-json\/wp\/v2\/product\/403854\/revisions\/422559"}],"wp:featuredmedia":[{"embeddable":true,"href":"https:\/\/irankiuzona.lt\/ru\/wp-json\/wp\/v2\/media\/262299"}],"wp:attachment":[{"href":"https:\/\/irankiuzona.lt\/ru\/wp-json\/wp\/v2\/media?parent=403854"}],"wp:term":[{"taxonomy":"product_cat","embeddable":true,"href":"https:\/\/irankiuzona.lt\/ru\/wp-json\/wp\/v2\/product_cat?post=403854"},{"taxonomy":"product_tag","embeddable":true,"href":"https:\/\/irankiuzona.lt\/ru\/wp-json\/wp\/v2\/product_tag?post=403854"}],"curies":[{"name":"wp","href":"https:\/\/api.w.org\/{rel}","templated":true}]}}