{"id":403868,"date":"2025-05-15T17:00:10","date_gmt":"2025-05-15T17:00:10","guid":{"rendered":"https:\/\/irankiuzona.lt\/product\/ilenkimu-salinimo-prietaisas-mini-2\/"},"modified":"2026-05-06T21:53:57","modified_gmt":"2026-05-06T21:53:57","slug":"ilenkimu-salinimo-prietaisas-mini-2","status":"publish","type":"product","link":"https:\/\/irankiuzona.lt\/ru\/product\/ilenkimu-salinimo-prietaisas-mini-2\/","title":{"rendered":"\u012elenkim\u0173 \u0161alinimo prietaisas mini"},"content":{"rendered":"","protected":false},"excerpt":{"rendered":"<p>\u012elenkim\u0173 \u0161alinimo prietaisas mini<\/p>","protected":false},"featured_media":262337,"comment_status":"open","ping_status":"open","template":"","meta":[],"product_cat":[9556],"product_tag":[9810],"class_list":{"0":"post-403868","1":"product","2":"type-product","3":"status-publish","4":"has-post-thumbnail","6":"product_brand-geko-lenkija","7":"product_cat-irankiai-kebulo-lyginimui","8":"product_tag-geko-lenkija","10":"first","11":"instock","12":"purchasable","13":"product-type-simple"},"jetpack_sharing_enabled":true,"_links":{"self":[{"href":"https:\/\/irankiuzona.lt\/ru\/wp-json\/wp\/v2\/product\/403868","targetHints":{"allow":["GET"]}}],"collection":[{"href":"https:\/\/irankiuzona.lt\/ru\/wp-json\/wp\/v2\/product"}],"about":[{"href":"https:\/\/irankiuzona.lt\/ru\/wp-json\/wp\/v2\/types\/product"}],"replies":[{"embeddable":true,"href":"https:\/\/irankiuzona.lt\/ru\/wp-json\/wp\/v2\/comments?post=403868"}],"version-history":[{"count":1,"href":"https:\/\/irankiuzona.lt\/ru\/wp-json\/wp\/v2\/product\/403868\/revisions"}],"predecessor-version":[{"id":422572,"href":"https:\/\/irankiuzona.lt\/ru\/wp-json\/wp\/v2\/product\/403868\/revisions\/422572"}],"wp:featuredmedia":[{"embeddable":true,"href":"https:\/\/irankiuzona.lt\/ru\/wp-json\/wp\/v2\/media\/262337"}],"wp:attachment":[{"href":"https:\/\/irankiuzona.lt\/ru\/wp-json\/wp\/v2\/media?parent=403868"}],"wp:term":[{"taxonomy":"product_cat","embeddable":true,"href":"https:\/\/irankiuzona.lt\/ru\/wp-json\/wp\/v2\/product_cat?post=403868"},{"taxonomy":"product_tag","embeddable":true,"href":"https:\/\/irankiuzona.lt\/ru\/wp-json\/wp\/v2\/product_tag?post=403868"}],"curies":[{"name":"wp","href":"https:\/\/api.w.org\/{rel}","templated":true}]}}