{"id":403876,"date":"2025-05-15T17:00:26","date_gmt":"2025-05-15T17:00:26","guid":{"rendered":"https:\/\/irankiuzona.lt\/product\/lempa-pakraunama-12-230v-306led-2\/"},"modified":"2026-05-10T07:21:29","modified_gmt":"2026-05-10T07:21:29","slug":"lempa-pakraunama-12-230v-306led-2","status":"publish","type":"product","link":"https:\/\/irankiuzona.lt\/ru\/product\/lempa-pakraunama-12-230v-306led-2\/","title":{"rendered":"Lempa pakraunama 12\/230V 30+6LED"},"content":{"rendered":"<p>Lemput\u0117s tipas: SMD LEDLempu\u010di\u0173 skai\u010dius: 30+6LED veikimo laikas: 100 000 valand\u0173Baterijos talpa: 1200 mAh 3.6V Ni-MH\u012ekrovimo laikas: 4-5 valandosVeikimo laikas: 3-4 valandos\u012ekrovimo adapteriai: DC 12V \/ AC 230VMed\u017eiaga: ABS, polikarbonatas (PC)Magnetinis stovas<\/p>","protected":false},"excerpt":{"rendered":"<p>Lempa pakraunama 12\/230V 30+6LED<\/p>","protected":false},"featured_media":262358,"comment_status":"open","ping_status":"open","template":"","meta":[],"product_cat":[9854],"product_tag":[9810],"class_list":{"0":"post-403876","1":"product","2":"type-product","3":"status-publish","4":"has-post-thumbnail","6":"product_brand-geko-lenkija","7":"product_cat-lempos-ikraunamos","8":"product_tag-geko-lenkija","10":"first","11":"instock","12":"purchasable","13":"product-type-simple"},"jetpack_sharing_enabled":true,"_links":{"self":[{"href":"https:\/\/irankiuzona.lt\/ru\/wp-json\/wp\/v2\/product\/403876","targetHints":{"allow":["GET"]}}],"collection":[{"href":"https:\/\/irankiuzona.lt\/ru\/wp-json\/wp\/v2\/product"}],"about":[{"href":"https:\/\/irankiuzona.lt\/ru\/wp-json\/wp\/v2\/types\/product"}],"replies":[{"embeddable":true,"href":"https:\/\/irankiuzona.lt\/ru\/wp-json\/wp\/v2\/comments?post=403876"}],"version-history":[{"count":1,"href":"https:\/\/irankiuzona.lt\/ru\/wp-json\/wp\/v2\/product\/403876\/revisions"}],"predecessor-version":[{"id":422579,"href":"https:\/\/irankiuzona.lt\/ru\/wp-json\/wp\/v2\/product\/403876\/revisions\/422579"}],"wp:featuredmedia":[{"embeddable":true,"href":"https:\/\/irankiuzona.lt\/ru\/wp-json\/wp\/v2\/media\/262358"}],"wp:attachment":[{"href":"https:\/\/irankiuzona.lt\/ru\/wp-json\/wp\/v2\/media?parent=403876"}],"wp:term":[{"taxonomy":"product_cat","embeddable":true,"href":"https:\/\/irankiuzona.lt\/ru\/wp-json\/wp\/v2\/product_cat?post=403876"},{"taxonomy":"product_tag","embeddable":true,"href":"https:\/\/irankiuzona.lt\/ru\/wp-json\/wp\/v2\/product_tag?post=403876"}],"curies":[{"name":"wp","href":"https:\/\/api.w.org\/{rel}","templated":true}]}}