{"id":403878,"date":"2025-05-15T17:00:28","date_gmt":"2025-05-15T17:00:28","guid":{"rendered":"https:\/\/irankiuzona.lt\/product\/magnetine-juosta-riesui-2\/"},"modified":"2026-05-10T03:38:08","modified_gmt":"2026-05-10T03:38:08","slug":"magnetine-juosta-riesui-2","status":"publish","type":"product","link":"https:\/\/irankiuzona.lt\/ru\/product\/magnetine-juosta-riesui-2\/","title":{"rendered":"Magnetin\u0117 juosta rie\u0161ui"},"content":{"rendered":"<p>Magnetin\u0117 apyrank\u0117. \u012erengtas magnet\u0173 rinkinys, leid\u017eiantis laikinai pritvirtinti smulkius metalinius elementus, tokius kaip var\u017etai, antgaliai, var\u017etai, ver\u017el\u0117s, pover\u017el\u0117s ir kt. Magnetin\u0117s juostos naudojimas \u017eymiai pagreitina vis\u0173 r\u016b\u0161i\u0173 surinkimo darbus.<\/p>","protected":false},"excerpt":{"rendered":"<p>Magnetin\u0117 juosta rie\u0161ui<\/p>","protected":false},"featured_media":262361,"comment_status":"open","ping_status":"open","template":"","meta":[],"product_cat":[9616],"product_tag":[9810],"class_list":{"0":"post-403878","1":"product","2":"type-product","3":"status-publish","4":"has-post-thumbnail","6":"product_brand-geko-lenkija","7":"product_cat-magnetines-lekstutes-magnetines-juostos","8":"product_tag-geko-lenkija","10":"first","11":"instock","12":"purchasable","13":"product-type-simple"},"jetpack_sharing_enabled":true,"_links":{"self":[{"href":"https:\/\/irankiuzona.lt\/ru\/wp-json\/wp\/v2\/product\/403878","targetHints":{"allow":["GET"]}}],"collection":[{"href":"https:\/\/irankiuzona.lt\/ru\/wp-json\/wp\/v2\/product"}],"about":[{"href":"https:\/\/irankiuzona.lt\/ru\/wp-json\/wp\/v2\/types\/product"}],"replies":[{"embeddable":true,"href":"https:\/\/irankiuzona.lt\/ru\/wp-json\/wp\/v2\/comments?post=403878"}],"version-history":[{"count":1,"href":"https:\/\/irankiuzona.lt\/ru\/wp-json\/wp\/v2\/product\/403878\/revisions"}],"predecessor-version":[{"id":422580,"href":"https:\/\/irankiuzona.lt\/ru\/wp-json\/wp\/v2\/product\/403878\/revisions\/422580"}],"wp:featuredmedia":[{"embeddable":true,"href":"https:\/\/irankiuzona.lt\/ru\/wp-json\/wp\/v2\/media\/262361"}],"wp:attachment":[{"href":"https:\/\/irankiuzona.lt\/ru\/wp-json\/wp\/v2\/media?parent=403878"}],"wp:term":[{"taxonomy":"product_cat","embeddable":true,"href":"https:\/\/irankiuzona.lt\/ru\/wp-json\/wp\/v2\/product_cat?post=403878"},{"taxonomy":"product_tag","embeddable":true,"href":"https:\/\/irankiuzona.lt\/ru\/wp-json\/wp\/v2\/product_tag?post=403878"}],"curies":[{"name":"wp","href":"https:\/\/api.w.org\/{rel}","templated":true}]}}