{"id":403894,"date":"2025-05-15T17:06:39","date_gmt":"2025-05-15T17:06:39","guid":{"rendered":"https:\/\/irankiuzona.lt\/product\/stiklo-reztukas-tepalinis-2\/"},"modified":"2026-04-13T20:59:25","modified_gmt":"2026-04-13T20:59:25","slug":"stiklo-reztukas-tepalinis-2","status":"publish","type":"product","link":"https:\/\/irankiuzona.lt\/ru\/product\/stiklo-reztukas-tepalinis-2\/","title":{"rendered":"Stiklo r\u0117\u017etukas tepalinis"},"content":{"rendered":"<p>volframo karbido a\u0161menysautomatinis alyvos dozavimasrai\u017eyta rankena saugiam sukibimui<\/p>","protected":false},"excerpt":{"rendered":"<p>Stiklo r\u0117\u017etukas tepalinis<\/p>","protected":false},"featured_media":263211,"comment_status":"open","ping_status":"open","template":"","meta":[],"product_cat":[9455],"product_tag":[9810],"class_list":{"0":"post-403894","1":"product","2":"type-product","3":"status-publish","4":"has-post-thumbnail","6":"product_brand-geko-lenkija","7":"product_cat-irankiai-plytelems-stiklui-laminatui","8":"product_tag-geko-lenkija","10":"first","11":"outofstock","12":"purchasable","13":"product-type-simple"},"jetpack_sharing_enabled":true,"_links":{"self":[{"href":"https:\/\/irankiuzona.lt\/ru\/wp-json\/wp\/v2\/product\/403894","targetHints":{"allow":["GET"]}}],"collection":[{"href":"https:\/\/irankiuzona.lt\/ru\/wp-json\/wp\/v2\/product"}],"about":[{"href":"https:\/\/irankiuzona.lt\/ru\/wp-json\/wp\/v2\/types\/product"}],"replies":[{"embeddable":true,"href":"https:\/\/irankiuzona.lt\/ru\/wp-json\/wp\/v2\/comments?post=403894"}],"version-history":[{"count":1,"href":"https:\/\/irankiuzona.lt\/ru\/wp-json\/wp\/v2\/product\/403894\/revisions"}],"predecessor-version":[{"id":422861,"href":"https:\/\/irankiuzona.lt\/ru\/wp-json\/wp\/v2\/product\/403894\/revisions\/422861"}],"wp:featuredmedia":[{"embeddable":true,"href":"https:\/\/irankiuzona.lt\/ru\/wp-json\/wp\/v2\/media\/263211"}],"wp:attachment":[{"href":"https:\/\/irankiuzona.lt\/ru\/wp-json\/wp\/v2\/media?parent=403894"}],"wp:term":[{"taxonomy":"product_cat","embeddable":true,"href":"https:\/\/irankiuzona.lt\/ru\/wp-json\/wp\/v2\/product_cat?post=403894"},{"taxonomy":"product_tag","embeddable":true,"href":"https:\/\/irankiuzona.lt\/ru\/wp-json\/wp\/v2\/product_tag?post=403894"}],"curies":[{"name":"wp","href":"https:\/\/api.w.org\/{rel}","templated":true}]}}