{"id":403896,"date":"2025-05-15T17:06:41","date_gmt":"2025-05-15T17:06:41","guid":{"rendered":"https:\/\/irankiuzona.lt\/product\/imagnetinimo-ismagnetinimo-irankis-3\/"},"modified":"2026-04-13T22:32:35","modified_gmt":"2026-04-13T22:32:35","slug":"imagnetinimo-ismagnetinimo-irankis-3","status":"publish","type":"product","link":"https:\/\/irankiuzona.lt\/ru\/product\/imagnetinimo-ismagnetinimo-irankis-3\/","title":{"rendered":"\u012emagnetinimo\/i\u0161magnetinimo \u012frankis"},"content":{"rendered":"<p>Ki\u0161eninis magnetizatorius\/demagnetizatorius. Skirtas \u012fmagnetinti ir i\u0161magnetinti dauguma plienini\u0173 atsuktuv\u0173 ar kit\u0173 smulki\u0173 \u012franki\u0173.<\/p>","protected":false},"excerpt":{"rendered":"<p>\u012emagnetinimo\/i\u0161magnetinimo \u012frankis<\/p>","protected":false},"featured_media":263214,"comment_status":"open","ping_status":"open","template":"","meta":[],"product_cat":[9539],"product_tag":[9810],"class_list":{"0":"post-403896","1":"product","2":"type-product","3":"status-publish","4":"has-post-thumbnail","6":"product_brand-geko-lenkija","7":"product_cat-griebtuvai-magnetai-veidrodeliai","8":"product_tag-geko-lenkija","10":"first","11":"instock","12":"purchasable","13":"product-type-simple"},"jetpack_sharing_enabled":true,"_links":{"self":[{"href":"https:\/\/irankiuzona.lt\/ru\/wp-json\/wp\/v2\/product\/403896","targetHints":{"allow":["GET"]}}],"collection":[{"href":"https:\/\/irankiuzona.lt\/ru\/wp-json\/wp\/v2\/product"}],"about":[{"href":"https:\/\/irankiuzona.lt\/ru\/wp-json\/wp\/v2\/types\/product"}],"replies":[{"embeddable":true,"href":"https:\/\/irankiuzona.lt\/ru\/wp-json\/wp\/v2\/comments?post=403896"}],"version-history":[{"count":1,"href":"https:\/\/irankiuzona.lt\/ru\/wp-json\/wp\/v2\/product\/403896\/revisions"}],"predecessor-version":[{"id":422862,"href":"https:\/\/irankiuzona.lt\/ru\/wp-json\/wp\/v2\/product\/403896\/revisions\/422862"}],"wp:featuredmedia":[{"embeddable":true,"href":"https:\/\/irankiuzona.lt\/ru\/wp-json\/wp\/v2\/media\/263214"}],"wp:attachment":[{"href":"https:\/\/irankiuzona.lt\/ru\/wp-json\/wp\/v2\/media?parent=403896"}],"wp:term":[{"taxonomy":"product_cat","embeddable":true,"href":"https:\/\/irankiuzona.lt\/ru\/wp-json\/wp\/v2\/product_cat?post=403896"},{"taxonomy":"product_tag","embeddable":true,"href":"https:\/\/irankiuzona.lt\/ru\/wp-json\/wp\/v2\/product_tag?post=403896"}],"curies":[{"name":"wp","href":"https:\/\/api.w.org\/{rel}","templated":true}]}}