{"id":403924,"date":"2025-05-15T17:07:21","date_gmt":"2025-05-15T17:07:21","guid":{"rendered":"https:\/\/irankiuzona.lt\/product\/ilenkimu-salinimo-komplektas-su-plaktuku-2\/"},"modified":"2026-05-09T05:57:53","modified_gmt":"2026-05-09T05:57:53","slug":"ilenkimu-salinimo-komplektas-su-plaktuku-2","status":"publish","type":"product","link":"https:\/\/irankiuzona.lt\/ru\/product\/ilenkimu-salinimo-komplektas-su-plaktuku-2\/","title":{"rendered":"\u012elenkim\u0173 \u0161alinimo komplektas su plaktuku"},"content":{"rendered":"<p>Priemoni\u0173 rinkinys automobilio k\u0117bulo \u012flenkimams \u0161alinti naudojant PDR metod\u0105. Plaktukas su 9 kei\u010diamais antgaliais puikiai tinka smulkiems \u012flenkimams \u0161alinti ir lak\u0161tinio metalo pavir\u0161iams i\u0161lyginti. Plaktukai ir kei\u010diami antgaliai pagaminti i\u0161 med\u017eiag\u0173, kurios nebrai\u017eo automobilio da\u017e\u0173.<\/p>","protected":false},"excerpt":{"rendered":"<p>\u012elenkim\u0173 \u0161alinimo komplektas su plaktuku<\/p>","protected":false},"featured_media":263279,"comment_status":"open","ping_status":"open","template":"","meta":[],"product_cat":[9556],"product_tag":[9810],"class_list":{"0":"post-403924","1":"product","2":"type-product","3":"status-publish","4":"has-post-thumbnail","6":"product_brand-geko-lenkija","7":"product_cat-irankiai-kebulo-lyginimui","8":"product_tag-geko-lenkija","10":"first","11":"instock","12":"purchasable","13":"product-type-simple"},"jetpack_sharing_enabled":true,"_links":{"self":[{"href":"https:\/\/irankiuzona.lt\/ru\/wp-json\/wp\/v2\/product\/403924","targetHints":{"allow":["GET"]}}],"collection":[{"href":"https:\/\/irankiuzona.lt\/ru\/wp-json\/wp\/v2\/product"}],"about":[{"href":"https:\/\/irankiuzona.lt\/ru\/wp-json\/wp\/v2\/types\/product"}],"replies":[{"embeddable":true,"href":"https:\/\/irankiuzona.lt\/ru\/wp-json\/wp\/v2\/comments?post=403924"}],"version-history":[{"count":1,"href":"https:\/\/irankiuzona.lt\/ru\/wp-json\/wp\/v2\/product\/403924\/revisions"}],"predecessor-version":[{"id":422884,"href":"https:\/\/irankiuzona.lt\/ru\/wp-json\/wp\/v2\/product\/403924\/revisions\/422884"}],"wp:featuredmedia":[{"embeddable":true,"href":"https:\/\/irankiuzona.lt\/ru\/wp-json\/wp\/v2\/media\/263279"}],"wp:attachment":[{"href":"https:\/\/irankiuzona.lt\/ru\/wp-json\/wp\/v2\/media?parent=403924"}],"wp:term":[{"taxonomy":"product_cat","embeddable":true,"href":"https:\/\/irankiuzona.lt\/ru\/wp-json\/wp\/v2\/product_cat?post=403924"},{"taxonomy":"product_tag","embeddable":true,"href":"https:\/\/irankiuzona.lt\/ru\/wp-json\/wp\/v2\/product_tag?post=403924"}],"curies":[{"name":"wp","href":"https:\/\/api.w.org\/{rel}","templated":true}]}}