{"id":403930,"date":"2025-05-15T17:07:26","date_gmt":"2025-05-15T17:07:26","guid":{"rendered":"https:\/\/irankiuzona.lt\/product\/irankiai-luzusiu-pakaitinimo-zvakiu-issukimui-m8x1-ir-m10x1-11\/"},"modified":"2026-03-17T06:15:43","modified_gmt":"2026-03-17T06:15:43","slug":"irankiai-luzusiu-pakaitinimo-zvakiu-issukimui-m8x1-ir-m10x1-11","status":"publish","type":"product","link":"https:\/\/irankiuzona.lt\/ru\/product\/irankiai-luzusiu-pakaitinimo-zvakiu-issukimui-m8x1-ir-m10x1-11\/","title":{"rendered":"\u012erankiai l\u016b\u017eusi\u0173 pakaitinimo \u017evaki\u0173 i\u0161sukimui M8x1 ir M10x1"},"content":{"rendered":"<p>Komplektas skirtas pakaitinimo \u017evaki\u0173 i\u0161traukimui\u00a0su M8 ir M10 sriegiais.<\/p>","protected":false},"excerpt":{"rendered":"<p>\u012erankiai l\u016b\u017eusi\u0173 pakaitinimo \u017evaki\u0173 i\u0161sukimui M8x1 ir M10x1<\/p>","protected":false},"featured_media":263288,"comment_status":"open","ping_status":"open","template":"","meta":[],"product_cat":[9699],"product_tag":[9810],"class_list":{"0":"post-403930","1":"product","2":"type-product","3":"status-publish","4":"has-post-thumbnail","6":"product_brand-geko-lenkija","7":"product_cat-uzluzusiu-zvakiu-remontui","8":"product_tag-geko-lenkija","10":"first","11":"outofstock","12":"purchasable","13":"product-type-simple"},"jetpack_sharing_enabled":true,"_links":{"self":[{"href":"https:\/\/irankiuzona.lt\/ru\/wp-json\/wp\/v2\/product\/403930","targetHints":{"allow":["GET"]}}],"collection":[{"href":"https:\/\/irankiuzona.lt\/ru\/wp-json\/wp\/v2\/product"}],"about":[{"href":"https:\/\/irankiuzona.lt\/ru\/wp-json\/wp\/v2\/types\/product"}],"replies":[{"embeddable":true,"href":"https:\/\/irankiuzona.lt\/ru\/wp-json\/wp\/v2\/comments?post=403930"}],"version-history":[{"count":1,"href":"https:\/\/irankiuzona.lt\/ru\/wp-json\/wp\/v2\/product\/403930\/revisions"}],"predecessor-version":[{"id":422887,"href":"https:\/\/irankiuzona.lt\/ru\/wp-json\/wp\/v2\/product\/403930\/revisions\/422887"}],"wp:featuredmedia":[{"embeddable":true,"href":"https:\/\/irankiuzona.lt\/ru\/wp-json\/wp\/v2\/media\/263288"}],"wp:attachment":[{"href":"https:\/\/irankiuzona.lt\/ru\/wp-json\/wp\/v2\/media?parent=403930"}],"wp:term":[{"taxonomy":"product_cat","embeddable":true,"href":"https:\/\/irankiuzona.lt\/ru\/wp-json\/wp\/v2\/product_cat?post=403930"},{"taxonomy":"product_tag","embeddable":true,"href":"https:\/\/irankiuzona.lt\/ru\/wp-json\/wp\/v2\/product_tag?post=403930"}],"curies":[{"name":"wp","href":"https:\/\/api.w.org\/{rel}","templated":true}]}}