{"id":403934,"date":"2025-05-15T17:07:31","date_gmt":"2025-05-15T17:07:31","guid":{"rendered":"https:\/\/irankiuzona.lt\/product\/sepeciai-zvakiu-lizdams-3-vnt-2\/"},"modified":"2026-04-15T16:56:00","modified_gmt":"2026-04-15T16:56:00","slug":"sepeciai-zvakiu-lizdams-3-vnt-2","status":"publish","type":"product","link":"https:\/\/irankiuzona.lt\/ru\/product\/sepeciai-zvakiu-lizdams-3-vnt-2\/","title":{"rendered":"\u0160epe\u010diai \u017evaki\u0173 lizdams 3 vnt."},"content":{"rendered":"<p>skirtas purk\u0161tuk\u0173 lizdams, taip pat pakaitinimo \u017evak\u0117ms ir u\u017edegimo \u017evaki\u0173 lizdams valytirinkin\u012f sudaro 3 \u0161epe\u010diai, kuri\u0173 ilgis 155 mm, 200 mm ir 295 mm\u0161epe\u010diai i\u0161 nailono<\/p>","protected":false},"excerpt":{"rendered":"<p>\u0160epe\u010diai \u017evaki\u0173 lizdams 3 vnt.<\/p>","protected":false},"featured_media":263297,"comment_status":"open","ping_status":"open","template":"","meta":[],"product_cat":[9794],"product_tag":[9810],"class_list":{"0":"post-403934","1":"product","2":"type-product","3":"status-publish","4":"has-post-thumbnail","6":"product_brand-geko-lenkija","7":"product_cat-sepeteliai-zvakems","8":"product_tag-geko-lenkija","10":"first","11":"instock","12":"purchasable","13":"product-type-simple"},"jetpack_sharing_enabled":true,"_links":{"self":[{"href":"https:\/\/irankiuzona.lt\/ru\/wp-json\/wp\/v2\/product\/403934","targetHints":{"allow":["GET"]}}],"collection":[{"href":"https:\/\/irankiuzona.lt\/ru\/wp-json\/wp\/v2\/product"}],"about":[{"href":"https:\/\/irankiuzona.lt\/ru\/wp-json\/wp\/v2\/types\/product"}],"replies":[{"embeddable":true,"href":"https:\/\/irankiuzona.lt\/ru\/wp-json\/wp\/v2\/comments?post=403934"}],"version-history":[{"count":1,"href":"https:\/\/irankiuzona.lt\/ru\/wp-json\/wp\/v2\/product\/403934\/revisions"}],"predecessor-version":[{"id":422890,"href":"https:\/\/irankiuzona.lt\/ru\/wp-json\/wp\/v2\/product\/403934\/revisions\/422890"}],"wp:featuredmedia":[{"embeddable":true,"href":"https:\/\/irankiuzona.lt\/ru\/wp-json\/wp\/v2\/media\/263297"}],"wp:attachment":[{"href":"https:\/\/irankiuzona.lt\/ru\/wp-json\/wp\/v2\/media?parent=403934"}],"wp:term":[{"taxonomy":"product_cat","embeddable":true,"href":"https:\/\/irankiuzona.lt\/ru\/wp-json\/wp\/v2\/product_cat?post=403934"},{"taxonomy":"product_tag","embeddable":true,"href":"https:\/\/irankiuzona.lt\/ru\/wp-json\/wp\/v2\/product_tag?post=403934"}],"curies":[{"name":"wp","href":"https:\/\/api.w.org\/{rel}","templated":true}]}}