{"id":403936,"date":"2025-05-15T17:07:33","date_gmt":"2025-05-15T17:07:33","guid":{"rendered":"https:\/\/irankiuzona.lt\/product\/kanistras-plastikinis-10l-2\/"},"modified":"2026-04-21T16:49:52","modified_gmt":"2026-04-21T16:49:52","slug":"kanistras-plastikinis-10l-2","status":"publish","type":"product","link":"https:\/\/irankiuzona.lt\/ru\/product\/kanistras-plastikinis-10l-2\/","title":{"rendered":"Kanistras plastikinis 10L"},"content":{"rendered":"<p>Talpa: 10 litr\u0173Spalva: raudonaI\u0161matavimai: 330 x 160 x 310 mmMed\u017eiaga: HDPE (didelio tankio polietilenas)<\/p>","protected":false},"excerpt":{"rendered":"<p>Kanistras plastikinis 10L<\/p>","protected":false},"featured_media":263300,"comment_status":"open","ping_status":"open","template":"","meta":[],"product_cat":[9697],"product_tag":[9810],"class_list":{"0":"post-403936","1":"product","2":"type-product","3":"status-publish","4":"has-post-thumbnail","6":"product_brand-geko-lenkija","7":"product_cat-aksesuarai-automobiliams","8":"product_tag-geko-lenkija","10":"first","11":"instock","12":"purchasable","13":"product-type-simple"},"jetpack_sharing_enabled":true,"_links":{"self":[{"href":"https:\/\/irankiuzona.lt\/ru\/wp-json\/wp\/v2\/product\/403936","targetHints":{"allow":["GET"]}}],"collection":[{"href":"https:\/\/irankiuzona.lt\/ru\/wp-json\/wp\/v2\/product"}],"about":[{"href":"https:\/\/irankiuzona.lt\/ru\/wp-json\/wp\/v2\/types\/product"}],"replies":[{"embeddable":true,"href":"https:\/\/irankiuzona.lt\/ru\/wp-json\/wp\/v2\/comments?post=403936"}],"version-history":[{"count":1,"href":"https:\/\/irankiuzona.lt\/ru\/wp-json\/wp\/v2\/product\/403936\/revisions"}],"predecessor-version":[{"id":422891,"href":"https:\/\/irankiuzona.lt\/ru\/wp-json\/wp\/v2\/product\/403936\/revisions\/422891"}],"wp:featuredmedia":[{"embeddable":true,"href":"https:\/\/irankiuzona.lt\/ru\/wp-json\/wp\/v2\/media\/263300"}],"wp:attachment":[{"href":"https:\/\/irankiuzona.lt\/ru\/wp-json\/wp\/v2\/media?parent=403936"}],"wp:term":[{"taxonomy":"product_cat","embeddable":true,"href":"https:\/\/irankiuzona.lt\/ru\/wp-json\/wp\/v2\/product_cat?post=403936"},{"taxonomy":"product_tag","embeddable":true,"href":"https:\/\/irankiuzona.lt\/ru\/wp-json\/wp\/v2\/product_tag?post=403936"}],"curies":[{"name":"wp","href":"https:\/\/api.w.org\/{rel}","templated":true}]}}