{"id":403962,"date":"2025-05-15T17:12:32","date_gmt":"2025-05-15T17:12:32","guid":{"rendered":"https:\/\/irankiuzona.lt\/product\/galvute-generatoriui-33-dantu-2\/"},"modified":"2026-03-17T06:30:51","modified_gmt":"2026-03-17T06:30:51","slug":"galvute-generatoriui-33-dantu-2","status":"publish","type":"product","link":"https:\/\/irankiuzona.lt\/ru\/product\/galvute-generatoriui-33-dantu-2\/","title":{"rendered":"Galvut\u0117 generatoriui 33-dant\u0173"},"content":{"rendered":"","protected":false},"excerpt":{"rendered":"<p>Galvut\u0117 generatoriui 33-dant\u0173<\/p>","protected":false},"featured_media":264039,"comment_status":"open","ping_status":"open","template":"","meta":[],"product_cat":[9544],"product_tag":[9810],"class_list":{"0":"post-403962","1":"product","2":"type-product","3":"status-publish","4":"has-post-thumbnail","6":"product_brand-geko-lenkija","7":"product_cat-irankiai-generatoriaus-remontui","8":"product_tag-geko-lenkija","10":"first","11":"outofstock","12":"purchasable","13":"product-type-simple"},"jetpack_sharing_enabled":true,"_links":{"self":[{"href":"https:\/\/irankiuzona.lt\/ru\/wp-json\/wp\/v2\/product\/403962","targetHints":{"allow":["GET"]}}],"collection":[{"href":"https:\/\/irankiuzona.lt\/ru\/wp-json\/wp\/v2\/product"}],"about":[{"href":"https:\/\/irankiuzona.lt\/ru\/wp-json\/wp\/v2\/types\/product"}],"replies":[{"embeddable":true,"href":"https:\/\/irankiuzona.lt\/ru\/wp-json\/wp\/v2\/comments?post=403962"}],"version-history":[{"count":1,"href":"https:\/\/irankiuzona.lt\/ru\/wp-json\/wp\/v2\/product\/403962\/revisions"}],"predecessor-version":[{"id":423122,"href":"https:\/\/irankiuzona.lt\/ru\/wp-json\/wp\/v2\/product\/403962\/revisions\/423122"}],"wp:featuredmedia":[{"embeddable":true,"href":"https:\/\/irankiuzona.lt\/ru\/wp-json\/wp\/v2\/media\/264039"}],"wp:attachment":[{"href":"https:\/\/irankiuzona.lt\/ru\/wp-json\/wp\/v2\/media?parent=403962"}],"wp:term":[{"taxonomy":"product_cat","embeddable":true,"href":"https:\/\/irankiuzona.lt\/ru\/wp-json\/wp\/v2\/product_cat?post=403962"},{"taxonomy":"product_tag","embeddable":true,"href":"https:\/\/irankiuzona.lt\/ru\/wp-json\/wp\/v2\/product_tag?post=403962"}],"curies":[{"name":"wp","href":"https:\/\/api.w.org\/{rel}","templated":true}]}}