{"id":403972,"date":"2025-05-15T17:12:46","date_gmt":"2025-05-15T17:12:46","guid":{"rendered":"https:\/\/irankiuzona.lt\/product\/deklas-irankiams-prie-dirzo-2\/"},"modified":"2026-03-18T15:50:46","modified_gmt":"2026-03-18T15:50:46","slug":"deklas-irankiams-prie-dirzo-2","status":"publish","type":"product","link":"https:\/\/irankiuzona.lt\/ru\/product\/deklas-irankiams-prie-dirzo-2\/","title":{"rendered":"D\u0117klas \u012frankiams prie dir\u017eo"},"content":{"rendered":"","protected":false},"excerpt":{"rendered":"<p>D\u0117klas \u012frankiams prie dir\u017eo<\/p>","protected":false},"featured_media":264068,"comment_status":"open","ping_status":"open","template":"","meta":[],"product_cat":[9831],"product_tag":[9810],"class_list":{"0":"post-403972","1":"product","2":"type-product","3":"status-publish","4":"has-post-thumbnail","6":"product_brand-geko-lenkija","7":"product_cat-irankiu-dezes-krepsiai-kuprines-dirzai","8":"product_tag-geko-lenkija","10":"first","11":"outofstock","12":"purchasable","13":"product-type-simple"},"jetpack_sharing_enabled":true,"_links":{"self":[{"href":"https:\/\/irankiuzona.lt\/ru\/wp-json\/wp\/v2\/product\/403972","targetHints":{"allow":["GET"]}}],"collection":[{"href":"https:\/\/irankiuzona.lt\/ru\/wp-json\/wp\/v2\/product"}],"about":[{"href":"https:\/\/irankiuzona.lt\/ru\/wp-json\/wp\/v2\/types\/product"}],"replies":[{"embeddable":true,"href":"https:\/\/irankiuzona.lt\/ru\/wp-json\/wp\/v2\/comments?post=403972"}],"version-history":[{"count":1,"href":"https:\/\/irankiuzona.lt\/ru\/wp-json\/wp\/v2\/product\/403972\/revisions"}],"predecessor-version":[{"id":423132,"href":"https:\/\/irankiuzona.lt\/ru\/wp-json\/wp\/v2\/product\/403972\/revisions\/423132"}],"wp:featuredmedia":[{"embeddable":true,"href":"https:\/\/irankiuzona.lt\/ru\/wp-json\/wp\/v2\/media\/264068"}],"wp:attachment":[{"href":"https:\/\/irankiuzona.lt\/ru\/wp-json\/wp\/v2\/media?parent=403972"}],"wp:term":[{"taxonomy":"product_cat","embeddable":true,"href":"https:\/\/irankiuzona.lt\/ru\/wp-json\/wp\/v2\/product_cat?post=403972"},{"taxonomy":"product_tag","embeddable":true,"href":"https:\/\/irankiuzona.lt\/ru\/wp-json\/wp\/v2\/product_tag?post=403972"}],"curies":[{"name":"wp","href":"https:\/\/api.w.org\/{rel}","templated":true}]}}