{"id":403986,"date":"2025-05-15T17:17:46","date_gmt":"2025-05-15T17:17:46","guid":{"rendered":"https:\/\/irankiuzona.lt\/product\/grezimo-karunu-komplektas-medziui-19-127-mm-16-vnt-2\/"},"modified":"2026-04-15T02:30:41","modified_gmt":"2026-04-15T02:30:41","slug":"grezimo-karunu-komplektas-medziui-19-127-mm-16-vnt-2","status":"publish","type":"product","link":"https:\/\/irankiuzona.lt\/ru\/product\/grezimo-karunu-komplektas-medziui-19-127-mm-16-vnt-2\/","title":{"rendered":"GR\u0118\u017dIMO KAR\u016aN\u0172 KOMPLEKTAS MED\u017dIUI  19-127 MM 16 VNT"},"content":{"rendered":"<p>19, 22, 29, 32, 38, 44, 51, 64, 76, 89, 102, 127 mm<\/p>","protected":false},"excerpt":{"rendered":"<p>GR\u0118\u017dIMO KAR\u016aN\u0172 KOMPLEKTAS MED\u017dIUI\u00a0 19-127 MM 16 VNT<\/p>","protected":false},"featured_media":264765,"comment_status":"open","ping_status":"open","template":"","meta":[],"product_cat":[9710],"product_tag":[9810],"class_list":{"0":"post-403986","1":"product","2":"type-product","3":"status-publish","4":"has-post-thumbnail","6":"product_brand-geko-lenkija","7":"product_cat-grezimo-karunos-metalui-medziui","8":"product_tag-geko-lenkija","10":"first","11":"instock","12":"purchasable","13":"product-type-simple"},"jetpack_sharing_enabled":true,"_links":{"self":[{"href":"https:\/\/irankiuzona.lt\/ru\/wp-json\/wp\/v2\/product\/403986","targetHints":{"allow":["GET"]}}],"collection":[{"href":"https:\/\/irankiuzona.lt\/ru\/wp-json\/wp\/v2\/product"}],"about":[{"href":"https:\/\/irankiuzona.lt\/ru\/wp-json\/wp\/v2\/types\/product"}],"replies":[{"embeddable":true,"href":"https:\/\/irankiuzona.lt\/ru\/wp-json\/wp\/v2\/comments?post=403986"}],"version-history":[{"count":1,"href":"https:\/\/irankiuzona.lt\/ru\/wp-json\/wp\/v2\/product\/403986\/revisions"}],"predecessor-version":[{"id":423371,"href":"https:\/\/irankiuzona.lt\/ru\/wp-json\/wp\/v2\/product\/403986\/revisions\/423371"}],"wp:featuredmedia":[{"embeddable":true,"href":"https:\/\/irankiuzona.lt\/ru\/wp-json\/wp\/v2\/media\/264765"}],"wp:attachment":[{"href":"https:\/\/irankiuzona.lt\/ru\/wp-json\/wp\/v2\/media?parent=403986"}],"wp:term":[{"taxonomy":"product_cat","embeddable":true,"href":"https:\/\/irankiuzona.lt\/ru\/wp-json\/wp\/v2\/product_cat?post=403986"},{"taxonomy":"product_tag","embeddable":true,"href":"https:\/\/irankiuzona.lt\/ru\/wp-json\/wp\/v2\/product_tag?post=403986"}],"curies":[{"name":"wp","href":"https:\/\/api.w.org\/{rel}","templated":true}]}}