{"id":404002,"date":"2025-05-15T17:18:15","date_gmt":"2025-05-15T17:18:15","guid":{"rendered":"https:\/\/irankiuzona.lt\/product\/itampos-keitiklis-konverteris-12v-230v-350-750w-2\/"},"modified":"2026-04-17T15:33:53","modified_gmt":"2026-04-17T15:33:53","slug":"itampos-keitiklis-konverteris-12v-230v-350-750w-2","status":"publish","type":"product","link":"https:\/\/irankiuzona.lt\/ru\/product\/itampos-keitiklis-konverteris-12v-230v-350-750w-2\/","title":{"rendered":"\u012etampos keitiklis (konverteris) 12V\/230V 350\/750W"},"content":{"rendered":"<p>Techniniai duomenysNuolatin\u0117 galia: 350WImpuls\u0173 galia: 700W\u012e\u0117jimo \u012ftampa: 12VI\u0161\u0117jimo \u012ftampa: 230VBangos forma: modifikuotas sinusas<\/p>","protected":false},"excerpt":{"rendered":"<p>\u012etampos keitiklis (konverteris) 12V\/230V 350\/750W<\/p>","protected":false},"featured_media":264813,"comment_status":"open","ping_status":"open","template":"","meta":[],"product_cat":[10138],"product_tag":[9810],"class_list":{"0":"post-404002","1":"product","2":"type-product","3":"status-publish","4":"has-post-thumbnail","6":"product_brand-geko-lenkija","7":"product_cat-itampos-keitikliai-konverteriai","8":"product_tag-geko-lenkija","10":"first","11":"instock","12":"purchasable","13":"product-type-simple"},"jetpack_sharing_enabled":true,"_links":{"self":[{"href":"https:\/\/irankiuzona.lt\/ru\/wp-json\/wp\/v2\/product\/404002","targetHints":{"allow":["GET"]}}],"collection":[{"href":"https:\/\/irankiuzona.lt\/ru\/wp-json\/wp\/v2\/product"}],"about":[{"href":"https:\/\/irankiuzona.lt\/ru\/wp-json\/wp\/v2\/types\/product"}],"replies":[{"embeddable":true,"href":"https:\/\/irankiuzona.lt\/ru\/wp-json\/wp\/v2\/comments?post=404002"}],"version-history":[{"count":1,"href":"https:\/\/irankiuzona.lt\/ru\/wp-json\/wp\/v2\/product\/404002\/revisions"}],"predecessor-version":[{"id":423387,"href":"https:\/\/irankiuzona.lt\/ru\/wp-json\/wp\/v2\/product\/404002\/revisions\/423387"}],"wp:featuredmedia":[{"embeddable":true,"href":"https:\/\/irankiuzona.lt\/ru\/wp-json\/wp\/v2\/media\/264813"}],"wp:attachment":[{"href":"https:\/\/irankiuzona.lt\/ru\/wp-json\/wp\/v2\/media?parent=404002"}],"wp:term":[{"taxonomy":"product_cat","embeddable":true,"href":"https:\/\/irankiuzona.lt\/ru\/wp-json\/wp\/v2\/product_cat?post=404002"},{"taxonomy":"product_tag","embeddable":true,"href":"https:\/\/irankiuzona.lt\/ru\/wp-json\/wp\/v2\/product_tag?post=404002"}],"curies":[{"name":"wp","href":"https:\/\/api.w.org\/{rel}","templated":true}]}}