{"id":404004,"date":"2025-05-15T17:18:17","date_gmt":"2025-05-15T17:18:17","guid":{"rendered":"https:\/\/irankiuzona.lt\/product\/murininko-virve-30m-kreida-115g-melyna-2\/"},"modified":"2026-04-17T14:19:14","modified_gmt":"2026-04-17T14:19:14","slug":"murininko-virve-30m-kreida-115g-melyna-2","status":"publish","type":"product","link":"https:\/\/irankiuzona.lt\/ru\/product\/murininko-virve-30m-kreida-115g-melyna-2\/","title":{"rendered":"M\u016brininko virv\u0117 30m +kreida 115g m\u0117lyna"},"content":{"rendered":"<p>Kreida 115g<br \/>\nM\u0117lyna<\/p>","protected":false},"excerpt":{"rendered":"<p>M\u016brininko virv\u0117 30m +kreida 115g m\u0117lyna<\/p>","protected":false},"featured_media":264816,"comment_status":"open","ping_status":"open","template":"","meta":[],"product_cat":[9447],"product_tag":[9810],"class_list":{"0":"post-404004","1":"product","2":"type-product","3":"status-publish","4":"has-post-thumbnail","6":"product_brand-geko-lenkija","7":"product_cat-virves","8":"product_tag-geko-lenkija","10":"first","11":"instock","12":"purchasable","13":"product-type-simple"},"jetpack_sharing_enabled":true,"_links":{"self":[{"href":"https:\/\/irankiuzona.lt\/ru\/wp-json\/wp\/v2\/product\/404004","targetHints":{"allow":["GET"]}}],"collection":[{"href":"https:\/\/irankiuzona.lt\/ru\/wp-json\/wp\/v2\/product"}],"about":[{"href":"https:\/\/irankiuzona.lt\/ru\/wp-json\/wp\/v2\/types\/product"}],"replies":[{"embeddable":true,"href":"https:\/\/irankiuzona.lt\/ru\/wp-json\/wp\/v2\/comments?post=404004"}],"version-history":[{"count":1,"href":"https:\/\/irankiuzona.lt\/ru\/wp-json\/wp\/v2\/product\/404004\/revisions"}],"predecessor-version":[{"id":423388,"href":"https:\/\/irankiuzona.lt\/ru\/wp-json\/wp\/v2\/product\/404004\/revisions\/423388"}],"wp:featuredmedia":[{"embeddable":true,"href":"https:\/\/irankiuzona.lt\/ru\/wp-json\/wp\/v2\/media\/264816"}],"wp:attachment":[{"href":"https:\/\/irankiuzona.lt\/ru\/wp-json\/wp\/v2\/media?parent=404004"}],"wp:term":[{"taxonomy":"product_cat","embeddable":true,"href":"https:\/\/irankiuzona.lt\/ru\/wp-json\/wp\/v2\/product_cat?post=404004"},{"taxonomy":"product_tag","embeddable":true,"href":"https:\/\/irankiuzona.lt\/ru\/wp-json\/wp\/v2\/product_tag?post=404004"}],"curies":[{"name":"wp","href":"https:\/\/api.w.org\/{rel}","templated":true}]}}