{"id":404006,"date":"2025-05-15T17:18:19","date_gmt":"2025-05-15T17:18:19","guid":{"rendered":"https:\/\/irankiuzona.lt\/product\/automobiliu-jungciu-komplektas-424daliu-2\/"},"modified":"2026-04-21T12:46:04","modified_gmt":"2026-04-21T12:46:04","slug":"automobiliu-jungciu-komplektas-424daliu-2","status":"publish","type":"product","link":"https:\/\/irankiuzona.lt\/ru\/product\/automobiliu-jungciu-komplektas-424daliu-2\/","title":{"rendered":"Automobili\u0173 jung\u010di\u0173 komplektas 424dali\u0173"},"content":{"rendered":"<p>6 dyd\u017ei\u0173 jung\u010di\u0173 rinkinys, tinkantis populiariausiems elektros kabeliamsNaudojamas automobili\u0173 pramon\u0117je, \u012fsk. automobili\u0173 jutikliams ir prietaisamsJie u\u017etikrina labai ger\u0105 izoliacij\u0105 ir sandarum\u0105Galimi dyd\u017eiai: 1-6 kontakt\u0173<\/p>","protected":false},"excerpt":{"rendered":"<p>Automobili\u0173 jung\u010di\u0173 komplektas 424dali\u0173<\/p>","protected":false},"featured_media":264819,"comment_status":"open","ping_status":"open","template":"","meta":[],"product_cat":[9654],"product_tag":[9810],"class_list":{"0":"post-404006","1":"product","2":"type-product","3":"status-publish","4":"has-post-thumbnail","6":"product_brand-geko-lenkija","7":"product_cat-jungtys-izoliacines-juostos","8":"product_tag-geko-lenkija","10":"first","11":"outofstock","12":"purchasable","13":"product-type-simple"},"jetpack_sharing_enabled":true,"_links":{"self":[{"href":"https:\/\/irankiuzona.lt\/ru\/wp-json\/wp\/v2\/product\/404006","targetHints":{"allow":["GET"]}}],"collection":[{"href":"https:\/\/irankiuzona.lt\/ru\/wp-json\/wp\/v2\/product"}],"about":[{"href":"https:\/\/irankiuzona.lt\/ru\/wp-json\/wp\/v2\/types\/product"}],"replies":[{"embeddable":true,"href":"https:\/\/irankiuzona.lt\/ru\/wp-json\/wp\/v2\/comments?post=404006"}],"version-history":[{"count":1,"href":"https:\/\/irankiuzona.lt\/ru\/wp-json\/wp\/v2\/product\/404006\/revisions"}],"predecessor-version":[{"id":423389,"href":"https:\/\/irankiuzona.lt\/ru\/wp-json\/wp\/v2\/product\/404006\/revisions\/423389"}],"wp:featuredmedia":[{"embeddable":true,"href":"https:\/\/irankiuzona.lt\/ru\/wp-json\/wp\/v2\/media\/264819"}],"wp:attachment":[{"href":"https:\/\/irankiuzona.lt\/ru\/wp-json\/wp\/v2\/media?parent=404006"}],"wp:term":[{"taxonomy":"product_cat","embeddable":true,"href":"https:\/\/irankiuzona.lt\/ru\/wp-json\/wp\/v2\/product_cat?post=404006"},{"taxonomy":"product_tag","embeddable":true,"href":"https:\/\/irankiuzona.lt\/ru\/wp-json\/wp\/v2\/product_tag?post=404006"}],"curies":[{"name":"wp","href":"https:\/\/api.w.org\/{rel}","templated":true}]}}