{"id":404022,"date":"2025-05-15T17:18:39","date_gmt":"2025-05-15T17:18:39","guid":{"rendered":"https:\/\/irankiuzona.lt\/product\/apsaugine-dazymo-juosta-48mm-x-50m-geltona-2\/"},"modified":"2026-04-13T04:45:46","modified_gmt":"2026-04-13T04:45:46","slug":"apsaugine-dazymo-juosta-48mm-x-50m-geltona-2","status":"publish","type":"product","link":"https:\/\/irankiuzona.lt\/ru\/product\/apsaugine-dazymo-juosta-48mm-x-50m-geltona-2\/","title":{"rendered":"Apsaugin\u0117 da\u017eymo juosta 48mm x 50m \/ geltona"},"content":{"rendered":"<p>Geltona da\u017eymo izoliacine juosta. Popieriaus matmenys 50 m \/ 48 mm. Atsparus UV spinduliams. Naudojama siekiant apsaugoti kra\u0161tus ir kit\u0173 pavir\u0161i\u0173 u\u017eter\u0161tum\u0105 darbo metu &#8211; tinkavimo ar da\u017eymo, pastat\u0173 viduje ir i\u0161or\u0117je<\/p>","protected":false},"excerpt":{"rendered":"<p>Apsaugin\u0117 da\u017eymo juosta 48mm x 50m \/ geltona<\/p>","protected":false},"featured_media":264854,"comment_status":"open","ping_status":"open","template":"","meta":[],"product_cat":[9486],"product_tag":[9810],"class_list":{"0":"post-404022","1":"product","2":"type-product","3":"status-publish","4":"has-post-thumbnail","6":"product_brand-geko-lenkija","7":"product_cat-dazymo-skaidrios-lipnios-juostos","8":"product_tag-geko-lenkija","10":"first","11":"instock","12":"purchasable","13":"product-type-simple"},"jetpack_sharing_enabled":true,"_links":{"self":[{"href":"https:\/\/irankiuzona.lt\/ru\/wp-json\/wp\/v2\/product\/404022","targetHints":{"allow":["GET"]}}],"collection":[{"href":"https:\/\/irankiuzona.lt\/ru\/wp-json\/wp\/v2\/product"}],"about":[{"href":"https:\/\/irankiuzona.lt\/ru\/wp-json\/wp\/v2\/types\/product"}],"replies":[{"embeddable":true,"href":"https:\/\/irankiuzona.lt\/ru\/wp-json\/wp\/v2\/comments?post=404022"}],"version-history":[{"count":1,"href":"https:\/\/irankiuzona.lt\/ru\/wp-json\/wp\/v2\/product\/404022\/revisions"}],"predecessor-version":[{"id":423401,"href":"https:\/\/irankiuzona.lt\/ru\/wp-json\/wp\/v2\/product\/404022\/revisions\/423401"}],"wp:featuredmedia":[{"embeddable":true,"href":"https:\/\/irankiuzona.lt\/ru\/wp-json\/wp\/v2\/media\/264854"}],"wp:attachment":[{"href":"https:\/\/irankiuzona.lt\/ru\/wp-json\/wp\/v2\/media?parent=404022"}],"wp:term":[{"taxonomy":"product_cat","embeddable":true,"href":"https:\/\/irankiuzona.lt\/ru\/wp-json\/wp\/v2\/product_cat?post=404022"},{"taxonomy":"product_tag","embeddable":true,"href":"https:\/\/irankiuzona.lt\/ru\/wp-json\/wp\/v2\/product_tag?post=404022"}],"curies":[{"name":"wp","href":"https:\/\/api.w.org\/{rel}","templated":true}]}}