{"id":404026,"date":"2025-05-15T17:18:46","date_gmt":"2025-05-15T17:18:46","guid":{"rendered":"https:\/\/irankiuzona.lt\/product\/itampos-keitiklis-konverteris-24v-230v-2000-4000w-2\/"},"modified":"2026-04-13T08:45:53","modified_gmt":"2026-04-13T08:45:53","slug":"itampos-keitiklis-konverteris-24v-230v-2000-4000w-2","status":"publish","type":"product","link":"https:\/\/irankiuzona.lt\/ru\/product\/itampos-keitiklis-konverteris-24v-230v-2000-4000w-2\/","title":{"rendered":"\u012etampos keitiklis (konverteris) 24V\/230V 2000\/4000W"},"content":{"rendered":"<p>I\u0161\u0117jimo \u012ftampos duomenys (AC)Maksimali i\u0161\u0117jimo galia: 4000WNuolatin\u0117 i\u0161\u0117jimo galia: 2000WI\u0161\u0117jimo \u012ftampos diapazonas: 220-250VNominali \u012ftampa: 220, 230, 240V\u012etampos forma: gryna sinusin\u0117 banga\u012etampos da\u017enis: 50,60 HzEfektyvumas: 93 %USB prievadas: 5V\/500mA<\/p>","protected":false},"excerpt":{"rendered":"<p>\u012etampos keitiklis konverteris 24V\/230V 2000\/4000W<\/p>","protected":false},"featured_media":264869,"comment_status":"open","ping_status":"open","template":"","meta":[],"product_cat":[10138],"product_tag":[9810],"class_list":{"0":"post-404026","1":"product","2":"type-product","3":"status-publish","4":"has-post-thumbnail","6":"product_brand-geko-lenkija","7":"product_cat-itampos-keitikliai-konverteriai","8":"product_tag-geko-lenkija","10":"first","11":"instock","12":"purchasable","13":"product-type-simple"},"jetpack_sharing_enabled":true,"_links":{"self":[{"href":"https:\/\/irankiuzona.lt\/ru\/wp-json\/wp\/v2\/product\/404026","targetHints":{"allow":["GET"]}}],"collection":[{"href":"https:\/\/irankiuzona.lt\/ru\/wp-json\/wp\/v2\/product"}],"about":[{"href":"https:\/\/irankiuzona.lt\/ru\/wp-json\/wp\/v2\/types\/product"}],"replies":[{"embeddable":true,"href":"https:\/\/irankiuzona.lt\/ru\/wp-json\/wp\/v2\/comments?post=404026"}],"version-history":[{"count":1,"href":"https:\/\/irankiuzona.lt\/ru\/wp-json\/wp\/v2\/product\/404026\/revisions"}],"predecessor-version":[{"id":423406,"href":"https:\/\/irankiuzona.lt\/ru\/wp-json\/wp\/v2\/product\/404026\/revisions\/423406"}],"wp:featuredmedia":[{"embeddable":true,"href":"https:\/\/irankiuzona.lt\/ru\/wp-json\/wp\/v2\/media\/264869"}],"wp:attachment":[{"href":"https:\/\/irankiuzona.lt\/ru\/wp-json\/wp\/v2\/media?parent=404026"}],"wp:term":[{"taxonomy":"product_cat","embeddable":true,"href":"https:\/\/irankiuzona.lt\/ru\/wp-json\/wp\/v2\/product_cat?post=404026"},{"taxonomy":"product_tag","embeddable":true,"href":"https:\/\/irankiuzona.lt\/ru\/wp-json\/wp\/v2\/product_tag?post=404026"}],"curies":[{"name":"wp","href":"https:\/\/api.w.org\/{rel}","templated":true}]}}