{"id":404028,"date":"2025-05-15T17:18:48","date_gmt":"2025-05-15T17:18:48","guid":{"rendered":"https:\/\/irankiuzona.lt\/product\/uzspaudziamos-reples-su-uzverzimu-250mm-ilgio-3\/"},"modified":"2026-04-13T14:45:41","modified_gmt":"2026-04-13T14:45:41","slug":"uzspaudziamos-reples-su-uzverzimu-250mm-ilgio-3","status":"publish","type":"product","link":"https:\/\/irankiuzona.lt\/ru\/product\/uzspaudziamos-reples-su-uzverzimu-250mm-ilgio-3\/","title":{"rendered":"U\u017dSPAUD\u017dIAMOS REPL\u0116S SU U\u017dVER\u017dIMU \/ 250MM ILGIO"},"content":{"rendered":"<p>250mm<\/p>","protected":false},"excerpt":{"rendered":"<p>U\u017dSPAUD\u017dIAMOS REPL\u0116S SU U\u017dVER\u017dIMU \/ 250MM ILGIO<\/p>","protected":false},"featured_media":264875,"comment_status":"open","ping_status":"open","template":"","meta":[],"product_cat":[9816],"product_tag":[9810],"class_list":{"0":"post-404028","1":"product","2":"type-product","3":"status-publish","4":"has-post-thumbnail","6":"product_brand-geko-lenkija","7":"product_cat-fiksuojamos-suspaudimo-reples","8":"product_tag-geko-lenkija","10":"first","11":"outofstock","12":"purchasable","13":"product-type-simple"},"jetpack_sharing_enabled":true,"_links":{"self":[{"href":"https:\/\/irankiuzona.lt\/ru\/wp-json\/wp\/v2\/product\/404028","targetHints":{"allow":["GET"]}}],"collection":[{"href":"https:\/\/irankiuzona.lt\/ru\/wp-json\/wp\/v2\/product"}],"about":[{"href":"https:\/\/irankiuzona.lt\/ru\/wp-json\/wp\/v2\/types\/product"}],"replies":[{"embeddable":true,"href":"https:\/\/irankiuzona.lt\/ru\/wp-json\/wp\/v2\/comments?post=404028"}],"version-history":[{"count":1,"href":"https:\/\/irankiuzona.lt\/ru\/wp-json\/wp\/v2\/product\/404028\/revisions"}],"predecessor-version":[{"id":423408,"href":"https:\/\/irankiuzona.lt\/ru\/wp-json\/wp\/v2\/product\/404028\/revisions\/423408"}],"wp:featuredmedia":[{"embeddable":true,"href":"https:\/\/irankiuzona.lt\/ru\/wp-json\/wp\/v2\/media\/264875"}],"wp:attachment":[{"href":"https:\/\/irankiuzona.lt\/ru\/wp-json\/wp\/v2\/media?parent=404028"}],"wp:term":[{"taxonomy":"product_cat","embeddable":true,"href":"https:\/\/irankiuzona.lt\/ru\/wp-json\/wp\/v2\/product_cat?post=404028"},{"taxonomy":"product_tag","embeddable":true,"href":"https:\/\/irankiuzona.lt\/ru\/wp-json\/wp\/v2\/product_tag?post=404028"}],"curies":[{"name":"wp","href":"https:\/\/api.w.org\/{rel}","templated":true}]}}