{"id":404058,"date":"2025-05-15T17:19:33","date_gmt":"2025-05-15T17:19:33","guid":{"rendered":"https:\/\/irankiuzona.lt\/product\/kanistras-aliumininis-20l-2\/"},"modified":"2026-03-17T23:50:35","modified_gmt":"2026-03-17T23:50:35","slug":"kanistras-aliumininis-20l-2","status":"publish","type":"product","link":"https:\/\/irankiuzona.lt\/ru\/product\/kanistras-aliumininis-20l-2\/","title":{"rendered":"Kanistras aliumininis 20L"},"content":{"rendered":"<p>Pagamintas i\u0161 auk\u0161tos kokyb\u0117s aliuminioatsparus korozijai ir oro s\u0105lygomspatogi ne\u0161iojimo rankenaplastikinis kam\u0161tis, u\u017etikrinantis kanistro sandarum\u0105labai lengvas ir patogustalpa: 20 litr\u0173<\/p>","protected":false},"excerpt":{"rendered":"<p>Kanistras aliumininis 20L<\/p>","protected":false},"featured_media":264959,"comment_status":"open","ping_status":"open","template":"","meta":[],"product_cat":[9697],"product_tag":[9810],"class_list":{"0":"post-404058","1":"product","2":"type-product","3":"status-publish","4":"has-post-thumbnail","6":"product_brand-geko-lenkija","7":"product_cat-aksesuarai-automobiliams","8":"product_tag-geko-lenkija","10":"first","11":"outofstock","12":"purchasable","13":"product-type-simple"},"jetpack_sharing_enabled":true,"_links":{"self":[{"href":"https:\/\/irankiuzona.lt\/ru\/wp-json\/wp\/v2\/product\/404058","targetHints":{"allow":["GET"]}}],"collection":[{"href":"https:\/\/irankiuzona.lt\/ru\/wp-json\/wp\/v2\/product"}],"about":[{"href":"https:\/\/irankiuzona.lt\/ru\/wp-json\/wp\/v2\/types\/product"}],"replies":[{"embeddable":true,"href":"https:\/\/irankiuzona.lt\/ru\/wp-json\/wp\/v2\/comments?post=404058"}],"version-history":[{"count":1,"href":"https:\/\/irankiuzona.lt\/ru\/wp-json\/wp\/v2\/product\/404058\/revisions"}],"predecessor-version":[{"id":423436,"href":"https:\/\/irankiuzona.lt\/ru\/wp-json\/wp\/v2\/product\/404058\/revisions\/423436"}],"wp:featuredmedia":[{"embeddable":true,"href":"https:\/\/irankiuzona.lt\/ru\/wp-json\/wp\/v2\/media\/264959"}],"wp:attachment":[{"href":"https:\/\/irankiuzona.lt\/ru\/wp-json\/wp\/v2\/media?parent=404058"}],"wp:term":[{"taxonomy":"product_cat","embeddable":true,"href":"https:\/\/irankiuzona.lt\/ru\/wp-json\/wp\/v2\/product_cat?post=404058"},{"taxonomy":"product_tag","embeddable":true,"href":"https:\/\/irankiuzona.lt\/ru\/wp-json\/wp\/v2\/product_tag?post=404058"}],"curies":[{"name":"wp","href":"https:\/\/api.w.org\/{rel}","templated":true}]}}