{"id":404062,"date":"2025-05-15T17:19:37","date_gmt":"2025-05-15T17:19:37","guid":{"rendered":"https:\/\/irankiuzona.lt\/product\/verzliasukis-pneumatinis-1-2-mini-su-dviguba-kalimo-f-ja-2\/"},"modified":"2026-05-09T21:58:23","modified_gmt":"2026-05-09T21:58:23","slug":"verzliasukis-pneumatinis-1-2-mini-su-dviguba-kalimo-f-ja-2","status":"publish","type":"product","link":"https:\/\/irankiuzona.lt\/ru\/product\/verzliasukis-pneumatinis-1-2-mini-su-dviguba-kalimo-f-ja-2\/","title":{"rendered":"Ver\u017eliasukis pneumatinis 1\/2 mini su dviguba kalimo f-ja"},"content":{"rendered":"<p>Technin\u0117s specifikacijos:1\/2 colio (12,7 mm) kvadratinis antgalisPlaktuko mechanizmas: dvigubas plaktukasMaksimalus sukimo momentas: 1200 NmGreitis be apkrovos: 8000 aps.\/minOptimalus oro sl\u0117gis: 6,2 baro (90 PSI)Vidutin\u0117s oro s\u0105naudos: 100 L\/minOro jungtis: 1\/4&quot;Svoris: 1,5 kg<\/p>","protected":false},"excerpt":{"rendered":"<p>Ver\u017eliasukis pneumatinis 1\/2 mini su dviguba kalimo f-ja<\/p>","protected":false},"featured_media":264965,"comment_status":"open","ping_status":"open","template":"","meta":[],"product_cat":[9667],"product_tag":[9810],"class_list":{"0":"post-404062","1":"product","2":"type-product","3":"status-publish","4":"has-post-thumbnail","6":"product_brand-geko-lenkija","7":"product_cat-pneumatiniai-verzliasukiai","8":"product_tag-geko-lenkija","10":"first","11":"instock","12":"purchasable","13":"product-type-simple"},"jetpack_sharing_enabled":true,"_links":{"self":[{"href":"https:\/\/irankiuzona.lt\/ru\/wp-json\/wp\/v2\/product\/404062","targetHints":{"allow":["GET"]}}],"collection":[{"href":"https:\/\/irankiuzona.lt\/ru\/wp-json\/wp\/v2\/product"}],"about":[{"href":"https:\/\/irankiuzona.lt\/ru\/wp-json\/wp\/v2\/types\/product"}],"replies":[{"embeddable":true,"href":"https:\/\/irankiuzona.lt\/ru\/wp-json\/wp\/v2\/comments?post=404062"}],"version-history":[{"count":1,"href":"https:\/\/irankiuzona.lt\/ru\/wp-json\/wp\/v2\/product\/404062\/revisions"}],"predecessor-version":[{"id":423438,"href":"https:\/\/irankiuzona.lt\/ru\/wp-json\/wp\/v2\/product\/404062\/revisions\/423438"}],"wp:featuredmedia":[{"embeddable":true,"href":"https:\/\/irankiuzona.lt\/ru\/wp-json\/wp\/v2\/media\/264965"}],"wp:attachment":[{"href":"https:\/\/irankiuzona.lt\/ru\/wp-json\/wp\/v2\/media?parent=404062"}],"wp:term":[{"taxonomy":"product_cat","embeddable":true,"href":"https:\/\/irankiuzona.lt\/ru\/wp-json\/wp\/v2\/product_cat?post=404062"},{"taxonomy":"product_tag","embeddable":true,"href":"https:\/\/irankiuzona.lt\/ru\/wp-json\/wp\/v2\/product_tag?post=404062"}],"curies":[{"name":"wp","href":"https:\/\/api.w.org\/{rel}","templated":true}]}}