{"id":404108,"date":"2025-05-15T17:32:31","date_gmt":"2025-05-15T17:32:31","guid":{"rendered":"https:\/\/irankiuzona.lt\/product\/skaitmeninis-multimetras-universalus-2\/"},"modified":"2026-04-17T21:04:34","modified_gmt":"2026-04-17T21:04:34","slug":"skaitmeninis-multimetras-universalus-2","status":"publish","type":"product","link":"https:\/\/irankiuzona.lt\/ru\/product\/skaitmeninis-multimetras-universalus-2\/","title":{"rendered":"Skaitmeninis multimetras universalus"},"content":{"rendered":"<p>Tiesiogin\u0117s \u012ftampos matavimas (DC):Matavimo diapazonai: 0,2 &#8211; 2 &#8211; 20 &#8211; 20 &#8211; 200 &#8211; 500 VKintamos \u012ftampos matavimas (AC):Matavimo diapazonai: 200 &#8211; 500 VNuolatin\u0117s srov\u0117s matavimas (DC):Matavimo diapazonai: 0,2 &#8211; 2 &#8211; 20 &#8211; 200 mA ir 5 AMatavimo diapazonai: 0,2 &#8211; 2 &#8211; 20 &#8211; 200 &#8211; 2000 \u03a9<\/p>","protected":false},"excerpt":{"rendered":"<p>Skaitmeninis multimetras universalus<\/p>","protected":false},"featured_media":266652,"comment_status":"open","ping_status":"open","template":"","meta":[],"product_cat":[9976],"product_tag":[9810],"class_list":{"0":"post-404108","1":"product","2":"type-product","3":"status-publish","4":"has-post-thumbnail","6":"product_brand-geko-lenkija","7":"product_cat-katalogas","8":"product_tag-geko-lenkija","10":"first","11":"outofstock","12":"purchasable","13":"product-type-simple"},"jetpack_sharing_enabled":true,"_links":{"self":[{"href":"https:\/\/irankiuzona.lt\/ru\/wp-json\/wp\/v2\/product\/404108","targetHints":{"allow":["GET"]}}],"collection":[{"href":"https:\/\/irankiuzona.lt\/ru\/wp-json\/wp\/v2\/product"}],"about":[{"href":"https:\/\/irankiuzona.lt\/ru\/wp-json\/wp\/v2\/types\/product"}],"replies":[{"embeddable":true,"href":"https:\/\/irankiuzona.lt\/ru\/wp-json\/wp\/v2\/comments?post=404108"}],"version-history":[{"count":1,"href":"https:\/\/irankiuzona.lt\/ru\/wp-json\/wp\/v2\/product\/404108\/revisions"}],"predecessor-version":[{"id":424013,"href":"https:\/\/irankiuzona.lt\/ru\/wp-json\/wp\/v2\/product\/404108\/revisions\/424013"}],"wp:featuredmedia":[{"embeddable":true,"href":"https:\/\/irankiuzona.lt\/ru\/wp-json\/wp\/v2\/media\/266652"}],"wp:attachment":[{"href":"https:\/\/irankiuzona.lt\/ru\/wp-json\/wp\/v2\/media?parent=404108"}],"wp:term":[{"taxonomy":"product_cat","embeddable":true,"href":"https:\/\/irankiuzona.lt\/ru\/wp-json\/wp\/v2\/product_cat?post=404108"},{"taxonomy":"product_tag","embeddable":true,"href":"https:\/\/irankiuzona.lt\/ru\/wp-json\/wp\/v2\/product_tag?post=404108"}],"curies":[{"name":"wp","href":"https:\/\/api.w.org\/{rel}","templated":true}]}}