{"id":404144,"date":"2025-05-15T17:34:01","date_gmt":"2025-05-15T17:34:01","guid":{"rendered":"https:\/\/irankiuzona.lt\/product\/apsaugine-dazymo-juosta-melyna-48mm-x-50m-2\/"},"modified":"2026-04-13T03:04:19","modified_gmt":"2026-04-13T03:04:19","slug":"apsaugine-dazymo-juosta-melyna-48mm-x-50m-2","status":"publish","type":"product","link":"https:\/\/irankiuzona.lt\/ru\/product\/apsaugine-dazymo-juosta-melyna-48mm-x-50m-2\/","title":{"rendered":"Apsaugin\u0117 da\u017eymo juosta  m\u0117lyna 48mm x 50m"},"content":{"rendered":"<p>M\u0117lyna da\u017eymo izoliacine juosta. Popieriaus matmenys 50 m \/ 48 mm. Atsparus UV spinduliams. Naudojama siekiant apsaugoti kra\u0161tus ir kit\u0173 pavir\u0161i\u0173 u\u017eter\u0161tum\u0105 darbo metu &#8211; tinkavimo ar da\u017eymo, pastat\u0173 viduje ir i\u0161or\u0117je<\/p>","protected":false},"excerpt":{"rendered":"<p>Apsaugin\u0117 da\u017eymo juosta\u00a0 m\u0117lyna 48mm x 50m<\/p>","protected":false},"featured_media":266841,"comment_status":"open","ping_status":"open","template":"","meta":[],"product_cat":[9486],"product_tag":[9810],"class_list":{"0":"post-404144","1":"product","2":"type-product","3":"status-publish","4":"has-post-thumbnail","6":"product_brand-geko-lenkija","7":"product_cat-dazymo-skaidrios-lipnios-juostos","8":"product_tag-geko-lenkija","10":"first","11":"instock","12":"purchasable","13":"product-type-simple"},"jetpack_sharing_enabled":true,"_links":{"self":[{"href":"https:\/\/irankiuzona.lt\/ru\/wp-json\/wp\/v2\/product\/404144","targetHints":{"allow":["GET"]}}],"collection":[{"href":"https:\/\/irankiuzona.lt\/ru\/wp-json\/wp\/v2\/product"}],"about":[{"href":"https:\/\/irankiuzona.lt\/ru\/wp-json\/wp\/v2\/types\/product"}],"replies":[{"embeddable":true,"href":"https:\/\/irankiuzona.lt\/ru\/wp-json\/wp\/v2\/comments?post=404144"}],"version-history":[{"count":1,"href":"https:\/\/irankiuzona.lt\/ru\/wp-json\/wp\/v2\/product\/404144\/revisions"}],"predecessor-version":[{"id":424075,"href":"https:\/\/irankiuzona.lt\/ru\/wp-json\/wp\/v2\/product\/404144\/revisions\/424075"}],"wp:featuredmedia":[{"embeddable":true,"href":"https:\/\/irankiuzona.lt\/ru\/wp-json\/wp\/v2\/media\/266841"}],"wp:attachment":[{"href":"https:\/\/irankiuzona.lt\/ru\/wp-json\/wp\/v2\/media?parent=404144"}],"wp:term":[{"taxonomy":"product_cat","embeddable":true,"href":"https:\/\/irankiuzona.lt\/ru\/wp-json\/wp\/v2\/product_cat?post=404144"},{"taxonomy":"product_tag","embeddable":true,"href":"https:\/\/irankiuzona.lt\/ru\/wp-json\/wp\/v2\/product_tag?post=404144"}],"curies":[{"name":"wp","href":"https:\/\/api.w.org\/{rel}","templated":true}]}}