{"id":404174,"date":"2025-05-15T17:38:46","date_gmt":"2025-05-15T17:38:46","guid":{"rendered":"https:\/\/irankiuzona.lt\/product\/generatorius-ozono-28000mg-h-3\/"},"modified":"2026-04-21T21:57:56","modified_gmt":"2026-04-21T21:57:56","slug":"generatorius-ozono-28000mg-h-3","status":"publish","type":"product","link":"https:\/\/irankiuzona.lt\/ru\/product\/generatorius-ozono-28000mg-h-3\/","title":{"rendered":"Generatorius ozono 28000mg\/h"},"content":{"rendered":"<p>Ozonatorius, kurio efektyvumas yra iki 28 000 mg\/h, tinka naudoti namuose ir pramon\u0117je.<br \/>\nTechnin\u0117s specifikacijos:Efektyvumas: 28 000 mg\/valLaikmatis: nuo 5 iki 60 minu\u010di\u0173Galia: 110 Wmaitinimo \u012ftampa: 230V \/ 50Hz<\/p>","protected":false},"excerpt":{"rendered":"<p>Generatorius ozono 28000mg\/h<\/p>","protected":false},"featured_media":267407,"comment_status":"open","ping_status":"open","template":"","meta":[],"product_cat":[9998],"product_tag":[9810],"class_list":{"0":"post-404174","1":"product","2":"type-product","3":"status-publish","4":"has-post-thumbnail","6":"product_brand-geko-lenkija","7":"product_cat-patalpu-remonto-irankiai-maisai-tentai-peiliukai-markeriai-izoliacines-juostos","8":"product_tag-geko-lenkija","10":"first","11":"instock","12":"purchasable","13":"product-type-simple"},"jetpack_sharing_enabled":true,"_links":{"self":[{"href":"https:\/\/irankiuzona.lt\/ru\/wp-json\/wp\/v2\/product\/404174","targetHints":{"allow":["GET"]}}],"collection":[{"href":"https:\/\/irankiuzona.lt\/ru\/wp-json\/wp\/v2\/product"}],"about":[{"href":"https:\/\/irankiuzona.lt\/ru\/wp-json\/wp\/v2\/types\/product"}],"replies":[{"embeddable":true,"href":"https:\/\/irankiuzona.lt\/ru\/wp-json\/wp\/v2\/comments?post=404174"}],"version-history":[{"count":1,"href":"https:\/\/irankiuzona.lt\/ru\/wp-json\/wp\/v2\/product\/404174\/revisions"}],"predecessor-version":[{"id":424282,"href":"https:\/\/irankiuzona.lt\/ru\/wp-json\/wp\/v2\/product\/404174\/revisions\/424282"}],"wp:featuredmedia":[{"embeddable":true,"href":"https:\/\/irankiuzona.lt\/ru\/wp-json\/wp\/v2\/media\/267407"}],"wp:attachment":[{"href":"https:\/\/irankiuzona.lt\/ru\/wp-json\/wp\/v2\/media?parent=404174"}],"wp:term":[{"taxonomy":"product_cat","embeddable":true,"href":"https:\/\/irankiuzona.lt\/ru\/wp-json\/wp\/v2\/product_cat?post=404174"},{"taxonomy":"product_tag","embeddable":true,"href":"https:\/\/irankiuzona.lt\/ru\/wp-json\/wp\/v2\/product_tag?post=404174"}],"curies":[{"name":"wp","href":"https:\/\/api.w.org\/{rel}","templated":true}]}}