{"id":404196,"date":"2025-05-15T17:50:00","date_gmt":"2025-05-15T17:50:00","guid":{"rendered":"https:\/\/irankiuzona.lt\/product\/pneumatine-terksle-1-2-160nm-kampine-2\/"},"modified":"2026-05-16T13:01:27","modified_gmt":"2026-05-16T13:01:27","slug":"pneumatine-terksle-1-2-160nm-kampine-2","status":"publish","type":"product","link":"https:\/\/irankiuzona.lt\/ru\/product\/pneumatine-terksle-1-2-160nm-kampine-2\/","title":{"rendered":"Pneumatin\u0117 terk\u0161l\u0117 1\/2&quot; 160Nm kampin\u0117"},"content":{"rendered":"<p>Techniniai duomenysDydis: 1\/2&quot;Oro \u012fleidimo angos dydis: 1\/4 colioMaksimalus sukimo momentas: 160 Nm<\/p>","protected":false},"excerpt":{"rendered":"<p>Pneumatin\u0117 terk\u0161l\u0117 1\/2&quot; 160Nm kampin\u0117<\/p>","protected":false},"featured_media":268770,"comment_status":"open","ping_status":"open","template":"","meta":[],"product_cat":[9666],"product_tag":[9810],"class_list":{"0":"post-404196","1":"product","2":"type-product","3":"status-publish","4":"has-post-thumbnail","6":"product_brand-geko-lenkija","7":"product_cat-pneumo-rankenos-terksles","8":"product_tag-geko-lenkija","10":"first","11":"instock","12":"purchasable","13":"product-type-simple"},"jetpack_sharing_enabled":true,"_links":{"self":[{"href":"https:\/\/irankiuzona.lt\/ru\/wp-json\/wp\/v2\/product\/404196","targetHints":{"allow":["GET"]}}],"collection":[{"href":"https:\/\/irankiuzona.lt\/ru\/wp-json\/wp\/v2\/product"}],"about":[{"href":"https:\/\/irankiuzona.lt\/ru\/wp-json\/wp\/v2\/types\/product"}],"replies":[{"embeddable":true,"href":"https:\/\/irankiuzona.lt\/ru\/wp-json\/wp\/v2\/comments?post=404196"}],"version-history":[{"count":1,"href":"https:\/\/irankiuzona.lt\/ru\/wp-json\/wp\/v2\/product\/404196\/revisions"}],"predecessor-version":[{"id":424747,"href":"https:\/\/irankiuzona.lt\/ru\/wp-json\/wp\/v2\/product\/404196\/revisions\/424747"}],"wp:featuredmedia":[{"embeddable":true,"href":"https:\/\/irankiuzona.lt\/ru\/wp-json\/wp\/v2\/media\/268770"}],"wp:attachment":[{"href":"https:\/\/irankiuzona.lt\/ru\/wp-json\/wp\/v2\/media?parent=404196"}],"wp:term":[{"taxonomy":"product_cat","embeddable":true,"href":"https:\/\/irankiuzona.lt\/ru\/wp-json\/wp\/v2\/product_cat?post=404196"},{"taxonomy":"product_tag","embeddable":true,"href":"https:\/\/irankiuzona.lt\/ru\/wp-json\/wp\/v2\/product_tag?post=404196"}],"curies":[{"name":"wp","href":"https:\/\/api.w.org\/{rel}","templated":true}]}}