{"id":404206,"date":"2025-05-15T17:50:11","date_gmt":"2025-05-15T17:50:11","guid":{"rendered":"https:\/\/irankiuzona.lt\/product\/volframo-karbido-graztas-karuna-65mm-2\/"},"modified":"2026-04-05T23:54:08","modified_gmt":"2026-04-05T23:54:08","slug":"volframo-karbido-graztas-karuna-65mm-2","status":"publish","type":"product","link":"https:\/\/irankiuzona.lt\/ru\/product\/volframo-karbido-graztas-karuna-65mm-2\/","title":{"rendered":"Volframo karbido gr\u0105\u017etas-kar\u016bna 65mm"},"content":{"rendered":"<p>TCT skyli\u0173 pj\u016bklas metalui, dydis 35 mm.A\u0161menys pagaminti i\u0161 volframo karbido, pasi\u017eymintys daug didesniu kietumu ir atsparumu auk\u0161tai temperat\u016brai, lyginant su greitaeigiu HSS plienu.Skirtas didesnio skersmens skyl\u0117ms pliene, ketuje, spalvotuosiuose metaluose, medienoje, plastike ir kt.Pjovimo tikslumui padidinti naudojamas kreipiamasis gr\u0105\u017etas i\u0161 HSS plieno.Prie kreipiamojo gr\u0105\u017eto pritvirtinta spyruokl\u0117 leid\u017eia lengvai pa\u0161alinti i\u0161kast\u0105 med\u017eiag\u0105.<br \/>\nMed\u017eiaga: \u012franki\u0173 plienas, volframo karbidas, HSS plienas<br \/>\nGr\u0119\u017eimo skersmuo: 65 mm<br \/>\nMaksimalus gr\u0119\u017eimo gylis: 25 mm<\/p>","protected":false},"excerpt":{"rendered":"<p>Volframo karbido gr\u0105\u017etas-kar\u016bna 65mm<\/p>","protected":false},"featured_media":268788,"comment_status":"open","ping_status":"open","template":"","meta":[],"product_cat":[9710],"product_tag":[9810],"class_list":{"0":"post-404206","1":"product","2":"type-product","3":"status-publish","4":"has-post-thumbnail","6":"product_brand-geko-lenkija","7":"product_cat-grezimo-karunos-metalui-medziui","8":"product_tag-geko-lenkija","10":"first","11":"instock","12":"purchasable","13":"product-type-simple"},"jetpack_sharing_enabled":true,"_links":{"self":[{"href":"https:\/\/irankiuzona.lt\/ru\/wp-json\/wp\/v2\/product\/404206","targetHints":{"allow":["GET"]}}],"collection":[{"href":"https:\/\/irankiuzona.lt\/ru\/wp-json\/wp\/v2\/product"}],"about":[{"href":"https:\/\/irankiuzona.lt\/ru\/wp-json\/wp\/v2\/types\/product"}],"replies":[{"embeddable":true,"href":"https:\/\/irankiuzona.lt\/ru\/wp-json\/wp\/v2\/comments?post=404206"}],"version-history":[{"count":0,"href":"https:\/\/irankiuzona.lt\/ru\/wp-json\/wp\/v2\/product\/404206\/revisions"}],"wp:featuredmedia":[{"embeddable":true,"href":"https:\/\/irankiuzona.lt\/ru\/wp-json\/wp\/v2\/media\/268788"}],"wp:attachment":[{"href":"https:\/\/irankiuzona.lt\/ru\/wp-json\/wp\/v2\/media?parent=404206"}],"wp:term":[{"taxonomy":"product_cat","embeddable":true,"href":"https:\/\/irankiuzona.lt\/ru\/wp-json\/wp\/v2\/product_cat?post=404206"},{"taxonomy":"product_tag","embeddable":true,"href":"https:\/\/irankiuzona.lt\/ru\/wp-json\/wp\/v2\/product_tag?post=404206"}],"curies":[{"name":"wp","href":"https:\/\/api.w.org\/{rel}","templated":true}]}}