{"id":404232,"date":"2025-05-15T17:58:33","date_gmt":"2025-05-15T17:58:33","guid":{"rendered":"https:\/\/irankiuzona.lt\/product\/pneumatinis-irankis-pusasiu-gumoms-montuoti-5\/"},"modified":"2026-05-14T21:39:36","modified_gmt":"2026-05-14T21:39:36","slug":"pneumatinis-irankis-pusasiu-gumoms-montuoti-5","status":"publish","type":"product","link":"https:\/\/irankiuzona.lt\/ru\/product\/pneumatinis-irankis-pusasiu-gumoms-montuoti-5\/","title":{"rendered":"Pneumatinis \u012frankis pusa\u0161i\u0173 gumoms montuoti"},"content":{"rendered":"<p>Techniniai duomenys:Skirtas naudoti, tik su universaliomis pusa\u0161i\u0173 gumomis.20-120 mm0,9 MPa1\/2<\/p>","protected":false},"excerpt":{"rendered":"<p>Pneumatinis \u012frankis pusa\u0161i\u0173 gumoms montuoti<\/p>","protected":false},"featured_media":271804,"comment_status":"open","ping_status":"open","template":"","meta":[],"product_cat":[9764],"product_tag":[9810],"class_list":{"0":"post-404232","1":"product","2":"type-product","3":"status-publish","4":"has-post-thumbnail","6":"product_brand-geko-lenkija","7":"product_cat-irankiai-granatoms-pusasiu-gumoms-savarzos","8":"product_tag-geko-lenkija","10":"first","11":"outofstock","12":"purchasable","13":"product-type-simple"},"jetpack_sharing_enabled":true,"_links":{"self":[{"href":"https:\/\/irankiuzona.lt\/ru\/wp-json\/wp\/v2\/product\/404232","targetHints":{"allow":["GET"]}}],"collection":[{"href":"https:\/\/irankiuzona.lt\/ru\/wp-json\/wp\/v2\/product"}],"about":[{"href":"https:\/\/irankiuzona.lt\/ru\/wp-json\/wp\/v2\/types\/product"}],"replies":[{"embeddable":true,"href":"https:\/\/irankiuzona.lt\/ru\/wp-json\/wp\/v2\/comments?post=404232"}],"version-history":[{"count":1,"href":"https:\/\/irankiuzona.lt\/ru\/wp-json\/wp\/v2\/product\/404232\/revisions"}],"predecessor-version":[{"id":425134,"href":"https:\/\/irankiuzona.lt\/ru\/wp-json\/wp\/v2\/product\/404232\/revisions\/425134"}],"wp:featuredmedia":[{"embeddable":true,"href":"https:\/\/irankiuzona.lt\/ru\/wp-json\/wp\/v2\/media\/271804"}],"wp:attachment":[{"href":"https:\/\/irankiuzona.lt\/ru\/wp-json\/wp\/v2\/media?parent=404232"}],"wp:term":[{"taxonomy":"product_cat","embeddable":true,"href":"https:\/\/irankiuzona.lt\/ru\/wp-json\/wp\/v2\/product_cat?post=404232"},{"taxonomy":"product_tag","embeddable":true,"href":"https:\/\/irankiuzona.lt\/ru\/wp-json\/wp\/v2\/product_tag?post=404232"}],"curies":[{"name":"wp","href":"https:\/\/api.w.org\/{rel}","templated":true}]}}